{"id":667,"date":"2025-03-01T02:14:20","date_gmt":"2025-03-01T01:14:20","guid":{"rendered":"https:\/\/casa.cheverin.com\/?page_id=667"},"modified":"2025-03-01T02:16:24","modified_gmt":"2025-03-01T01:16:24","slug":"para-las-mujeres-covid-19-primera-edicion","status":"publish","type":"page","link":"https:\/\/casa.cheverin.com\/en\/para-las-mujeres-covid-19-primera-edicion\/","title":{"rendered":"Para las mujeres @Covid-19 Primera Edici\u00f3n"},"content":{"rendered":"<div class=\"wp-block-group has-white-background-color has-background is-vertical is-layout-flex wp-container-core-group-is-layout-1 wp-block-group-is-layout-flex\">\n<figure class=\"wp-block-image size-full\"><img fetchpriority=\"high\" decoding=\"async\" width=\"923\" height=\"692\" src=\"https:\/\/casa.cheverin.com\/wp-content\/uploads\/2025\/03\/libro-covid-mujeres-embarazadas.jpg\" alt=\"\" class=\"wp-image-669\" srcset=\"https:\/\/casa.cheverin.com\/wp-content\/uploads\/2025\/03\/libro-covid-mujeres-embarazadas.jpg 923w, https:\/\/casa.cheverin.com\/wp-content\/uploads\/2025\/03\/libro-covid-mujeres-embarazadas-300x225.jpg 300w, https:\/\/casa.cheverin.com\/wp-content\/uploads\/2025\/03\/libro-covid-mujeres-embarazadas-768x576.jpg 768w, https:\/\/casa.cheverin.com\/wp-content\/uploads\/2025\/03\/libro-covid-mujeres-embarazadas-16x12.jpg 16w\" sizes=\"(max-width: 923px) 100vw, 923px\" \/><\/figure>\n\n\n\n<h1 class=\"wp-block-heading\">Para las mujeres @Covid-19 Primera Edici\u00f3n<\/h1>\n\n\n\n<p>San Miguel de Allende, Guanajuato, 11 de abril de 2020<\/p>\n\n\n\n<p>Primera Edici\u00f3n:<\/p>\n\n\n\n<p>Esta publicaci\u00f3n est\u00e1 basada en el formato y la informaci\u00f3n proporcionada por el Royal College of Obstetricians &amp; Gynecologists en su sitio web rcog.org.uk:<\/p>\n\n\n\n<p>\u201cInfecci\u00f3n por coronavirus y embarazo \/ Informaci\u00f3n para mujeres embarazadas y sus familias\u201d<\/p>\n\n\n\n<p>Esperamos que este manual sea \u00fatil para las mujeres, sus familias y amigos; esperamos que otros profesionales de la salud no duden en adaptar esta informaci\u00f3n a su entorno de atenci\u00f3n m\u00e9dica. Hemos producido este manual pensando en todas las mujeres en M\u00e9xico, pero principalmente en las que han recibido o van a recibir servicios de la Cl\u00ednica de Maternidad de CASA, que pertenece a la asociaci\u00f3n civil no lucrativa CASA y proporciona servicios gratuitos y de bajo costo con un enfoque integral.<\/p>\n\n\n\n<p>Agradecemos al Dr. Francisco Posadas Robledo, Dra. Ana Mar\u00eda Carrillo Fargo y a las parteras Sabrina Speich von Escher, Ximena Rojas Garc\u00eda y Kate Formeta por su inestimable ayuda en la elaboraci\u00f3n de este documento, y a nuestro voluntario Alejandro Gonz\u00e1lez Rullan. Agradecemos cualquier sugerencia sobre c\u00f3mo mejorar este documento. Si alguien tiene una pregunta espec\u00edfica, puede dirigirse a: cadavidavaleigual@gmail.com o al tel\u00e9fono (415) 152 61 81 de la Cl\u00ednica de Maternidad de CASA.<\/p>\n\n\n\n<p>Partera profesional Gabriela C\u00e1rdenas<br>C\u00e9dula profesional 9709836 SSG 2540<\/p>\n\n\n\n<p>Dra. Juana Martha Lugo Licea<br>C\u00e9dula profesional Gral. 2787215<br>C\u00e9dula especialidad 4301930<\/p>\n\n\n\n<div class=\"wp-block-buttons is-layout-flex wp-block-buttons-is-layout-flex\">\n<div class=\"wp-block-button\"><a class=\"wp-block-button__link has-blush-light-purple-gradient-background has-background wp-element-button\" href=\"https:\/\/casa.org.mx\/wp-content\/uploads\/2025\/02\/Para-las-mujeres-@-Covid-19_PrimerEdicion_11deabril2020.pdf\">Descargar documento<\/a><\/div>\n<\/div>\n<\/div>\n\n\n\n<p><\/p>","protected":false},"excerpt":{"rendered":"<p>Para las mujeres @Covid-19 Primera Edici\u00f3n San Miguel de Allende, Guanajuato, 11 de abril de 2020 Primera Edici\u00f3n: Esta publicaci\u00f3n est\u00e1 basada en el formato y la informaci\u00f3n proporcionada por el Royal College of Obstetricians &amp; Gynecologists en su sitio web rcog.org.uk: \u201cInfecci\u00f3n por coronavirus y embarazo \/ Informaci\u00f3n para mujeres embarazadas y sus familias\u201d [&hellip;]<\/p>","protected":false},"author":1,"featured_media":0,"parent":0,"menu_order":0,"comment_status":"closed","ping_status":"closed","template":"","meta":{"_joinchat":[],"footnotes":""},"class_list":["post-667","page","type-page","status-publish","hentry"],"blocksy_meta":{"page_structure_type":"type-3","styles_descriptor":{"styles":{"desktop":"[data-prefix=\"single_page\"] {background-color:initial;background-image:linear-gradient(-20deg, #e9defa 0%, #fbfcdb 100%);}","tablet":"","mobile":""},"google_fonts":[],"version":6},"background":{"background_type":"gradient","background_pattern":"type-1","background_image":{"attachment_id":null,"x":0,"y":0},"gradient":"linear-gradient(-20deg, #e9defa 0%, #fbfcdb 100%)","background_repeat":"repeat","background_size":"auto","background_attachment":"scroll","patternColor":{"default":{"color":"#e5e7ea"}},"overlayColor":{"default":{"color":"CT_CSS_SKIP_RULE"}},"backgroundColor":{"default":{"color":"#ffffff"}}},"has_hero_section":"disabled"},"_links":{"self":[{"href":"https:\/\/casa.cheverin.com\/en\/wp-json\/wp\/v2\/pages\/667","targetHints":{"allow":["GET"]}}],"collection":[{"href":"https:\/\/casa.cheverin.com\/en\/wp-json\/wp\/v2\/pages"}],"about":[{"href":"https:\/\/casa.cheverin.com\/en\/wp-json\/wp\/v2\/types\/page"}],"author":[{"embeddable":true,"href":"https:\/\/casa.cheverin.com\/en\/wp-json\/wp\/v2\/users\/1"}],"replies":[{"embeddable":true,"href":"https:\/\/casa.cheverin.com\/en\/wp-json\/wp\/v2\/comments?post=667"}],"version-history":[{"count":3,"href":"https:\/\/casa.cheverin.com\/en\/wp-json\/wp\/v2\/pages\/667\/revisions"}],"predecessor-version":[{"id":672,"href":"https:\/\/casa.cheverin.com\/en\/wp-json\/wp\/v2\/pages\/667\/revisions\/672"}],"wp:attachment":[{"href":"https:\/\/casa.cheverin.com\/en\/wp-json\/wp\/v2\/media?parent=667"}],"curies":[{"name":"wp","href":"https:\/\/api.w.org\/{rel}","templated":true}]}}