{"id":648,"date":"2025-02-28T18:14:01","date_gmt":"2025-02-28T17:14:01","guid":{"rendered":"https:\/\/casa.cheverin.com\/?page_id=648"},"modified":"2025-02-28T19:24:46","modified_gmt":"2025-02-28T18:24:46","slug":"formar-de-donar-ahora","status":"publish","type":"page","link":"https:\/\/casa.cheverin.com\/en\/formar-de-donar-ahora\/","title":{"rendered":"Formar de donar ahora"},"content":{"rendered":"<div class=\"wp-block-group has-border-color has-cyan-bluish-gray-border-color is-layout-constrained wp-block-group-is-layout-constrained\" style=\"border-width:1px\">\n<h1 class=\"wp-block-heading has-border-color has-cyan-bluish-gray-border-color has-background\" style=\"border-width:1px;background-color:#edfaff\">Formas de donar ahora<\/h1>\n<\/div>\n\n\n\n<div class=\"wp-block-group has-border-color has-cyan-bluish-gray-border-color has-background is-vertical is-layout-flex wp-container-core-group-is-layout-4 wp-block-group-is-layout-flex\" style=\"border-width:1px;background-color:#edfaff\">\n<h3 class=\"wp-block-heading\">\ud83d\udcb3 Tarjeta de cr\u00e9dito o d\u00e9bito y PayPal<\/h3>\n\n\n\n<div class=\"wp-block-group is-layout-grid wp-container-core-group-is-layout-3 wp-block-group-is-layout-grid\">\n<div class=\"wp-block-group is-vertical is-layout-flex wp-container-core-group-is-layout-2 wp-block-group-is-layout-flex\">\n<p>Puede hacer una donaci\u00f3n \u00fanica o mensual en d\u00f3lares estadounidenses o pesos mexicanos con su tarjeta de cr\u00e9dito o d\u00e9bito de las siguientes formas:<\/p>\n\n\n\n<ol style=\"list-style-type:1\" class=\"wp-block-list\">\n<li>En nuestro domicilio en Santa Julia #15, Colonia Santa Julia, San Miguel de Allende, Guanajuato, M\u00e9xico.<\/li>\n\n\n\n<li>Vamos a su domicilio y llevamos la terminal bancaria para que pueda hacer el donativo.<\/li>\n\n\n\n<li>&nbsp;Los donativos por tarjeta en pesos mexicanos van a ser dirigidos al Centro para los Adolescentes de San Miguel de Allende y los en d\u00f3lares estadounidenses a San Miguel \u2013 CASA, Inc.<\/li>\n\n\n\n<li>Por Internet con tarjeta de cr\u00e9dito o PayPal en el siguiente formulario:<\/li>\n<\/ol>\n<\/div>\n\n\n\n<script src=\"https:\/\/donorbox.org\/widget.js\" paypalexpress=\"false\"><\/script><iframe allowpaymentrequest=\"\" frameborder=\"0\" height=\"900px\" name=\"donorbox\" scrolling=\"no\" seamless=\"seamless\" src=\"https:\/\/donorbox.org\/embed\/casa-ac\" style=\"max-width: 500px; min-width: 250px; max-height:none!important\" width=\"100%\"><\/iframe>\n<\/div>\n<\/div>\n\n\n\n<div class=\"wp-block-group is-nowrap is-layout-flex wp-container-core-group-is-layout-9 wp-block-group-is-layout-flex\">\n<div class=\"wp-block-group has-border-color has-cyan-bluish-gray-border-color has-background is-vertical is-layout-flex wp-container-core-group-is-layout-8 wp-block-group-is-layout-flex\" style=\"border-width:1px;background-color:#faffed\">\n<h3 class=\"wp-block-heading\">\ud83d\udcc4 Cheques<\/h3>\n\n\n\n<div class=\"wp-block-group is-layout-grid wp-container-core-group-is-layout-7 wp-block-group-is-layout-grid\">\n<div class=\"wp-block-group is-vertical is-layout-flex wp-container-core-group-is-layout-5 wp-block-group-is-layout-flex\">\n<p>Los cheques de pesos mexicanos se deben crear a nombre de \u00abCentro para los Adolescentes de San Miguel de Allende AC\u00bb y enviarse a la siguiente direcci\u00f3n:<\/p>\n\n\n\n<p>Santa Julia #15, Colonia Santa Julia, San Miguel de Allende, Guanajuato, M\u00e9xico.<\/p>\n\n\n\n<p>Favor de incluir su nombre completo, direcci\u00f3n, correo electr\u00f3nico y n\u00famero de tel\u00e9fono para que podamos emitirle su recibo.<\/p>\n\n\n\n<p>Tambi\u00e9n podemos ir por el cheque a tu domicilio si te encuentras en San Miguel de Allende o ciudades cercanas a ella.<\/p>\n\n\n\n<p>Los cheques de d\u00f3lares estadounidenses se deben crear a nombre de \u00abSan Miguel CASA, Inc.\u00bb y enviarse a la siguiente direcci\u00f3n:<\/p>\n\n\n\n<ul class=\"wp-block-list\">\n<li>SAN MIGUEL CASA INC.<\/li>\n\n\n\n<li>CASA SAN MIGUEL <\/li>\n\n\n\n<li><a href=\"https:\/\/www.google.com\/maps\/search\/5501+BALCONES+DR+STE+A?entry=gmail&amp;source=g\">5501A BALCONES DR <\/a>188<\/li>\n\n\n\n<li>AUSTIN TX&nbsp;78731-4907<\/li>\n<\/ul>\n<\/div>\n\n\n\n<div class=\"wp-block-group is-vertical is-layout-flex wp-container-core-group-is-layout-6 wp-block-group-is-layout-flex\">\n<p>Tambi\u00e9n podemos ir por el cheque a tu domicilio si te encuentras en San Miguel de Allende o ciudades cercanas a ella.&nbsp;<\/p>\n\n\n\n<p>Cuando nos env\u00ede su cheque, por favor de incluir su nombre completo, direcci\u00f3n, correo electr\u00f3nico y n\u00famero de tel\u00e9fono para que podamos emitirle su recibo.<\/p>\n\n\n\n<p>Si se encuentra en los Estados Unidos y desea ir al banco indicado para depositar su cheque de donaci\u00f3n para CASA, cont\u00e1ctenos al <a href=\"mailto:presidente@casa.org.mx\">presidente@casa.org.mx<\/a> para recibir instrucciones. Si tiene alguna pregunta sobre cheques de donaci\u00f3n en d\u00f3lares estadounidenses, puede enviar un correo electr\u00f3nico a <a href=\"mailto:presidente@casa.org.mx\">presidente@casa.org.mx<\/a>.<\/p>\n<\/div>\n<\/div>\n<\/div>\n<\/div>\n\n\n\n<div class=\"wp-block-group is-layout-grid wp-container-core-group-is-layout-16 wp-block-group-is-layout-grid\">\n<div class=\"wp-block-group has-border-color has-cyan-bluish-gray-border-color has-background is-vertical is-layout-flex wp-container-core-group-is-layout-10 wp-block-group-is-layout-flex\" style=\"border-width:1px;background-color:#ffedfa\">\n<h3 class=\"wp-block-heading\">\ud83d\udcb5 Dinero en efectivo<\/h3>\n\n\n\n<p>El dinero en efectivo es siempre una gran manera de donar y podemos ir personalmente a su domicilio a recibir la donaci\u00f3n si vive en San Miguel de Allende; o usted puede llegar a nuestra oficina de finanzas en Santa Julia 15, Colonia Santa Julia, San Miguel de Allende; tel 415 15 4 60 90 ext 115 con la Contadora Paulina Hern\u00e1ndez. Generalmente tu donativo es 100% deducible con el gobierno, dependiendo de sus circunstancias personales y le estaremos enviando su recibo de acuerdo la ley.<\/p>\n<\/div>\n\n\n\n<div class=\"wp-block-group has-border-color has-cyan-bluish-gray-border-color has-background is-vertical is-layout-flex wp-container-core-group-is-layout-11 wp-block-group-is-layout-flex\" style=\"border-width:1px;background-color:#edf1ff\">\n<h3 class=\"wp-block-heading\">\ud83c\udfe6 Transferencia o Dep\u00f3sito Bancaria<\/h3>\n\n\n\n<p>Las donaciones en pesos mexicanos pueden de hacerse a la cuenta&nbsp;<strong>0103981991 de BBVA Bancomer<\/strong>&nbsp;a nombre de \u00abCentro para los Adolescentes de San Miguel de Allende AC\u00bb o a la&nbsp;<strong>CLABE: 012210001039819913 de BBVA Bancomer<\/strong>. Luego, llame o env\u00ede un correo electr\u00f3nico a la Contadora Paulina a finanzas@casa.org.mx, quien tomar\u00e1 su informaci\u00f3n para poder emitirle su recibo. Si desea realizar una transferencia de banco a banco, comun\u00edquese con Paulina para obtener ayuda.<\/p>\n\n\n\n<p>Si desea hacer una donaci\u00f3n en d\u00f3lares estadounidenses como dep\u00f3sito bancario directo a nuestra cuenta de banco en Los Estados Unidos o llevar a cabo una transferencia de banco a banco, env\u00ede un correo electr\u00f3nico a presidente@casa.org.mx o bobcocke@yahoo.com o llame al tel\u00e9fono de EE. UU. 512 913 1162 para recibir instrucciones.<\/p>\n<\/div>\n\n\n\n<div class=\"wp-block-group has-border-color has-cyan-bluish-gray-border-color has-background is-vertical is-layout-flex wp-container-core-group-is-layout-12 wp-block-group-is-layout-flex\" style=\"border-width:1px;background-color:#edfffb\">\n<h3 class=\"wp-block-heading\">\ud83d\udcc9 Acciones y valores<\/h3>\n\n\n\n<p>Las acciones, los fondos mutuos, los bonos y otros valores en pesos mexicanos que se entregan a CASA A.C. pueden suponer un ahorro considerable en los impuestos para el donante. Los arreglos para su donaci\u00f3n pueden hacerse entre su corredor y la oficina de CASA A.C. Para m\u00e1s informaci\u00f3n, p\u00f3ngase en contacto con&nbsp;<a href=\"mailto:finanzas@casa.org.mx\">finanzas@casa.org.mx<\/a> o <a href=\"mailto:presidente@casa.org.mx\">presidente@casa.org.mx<\/a>, tel\u00e9fono 415 15 4 60 90 ext 115. Para donaciones de acciones, fondos mutuos, bonos y otros valores en d\u00f3lares de los Estados Unidos hay que escribir a <a href=\"mailto:presidente@casa.org.mx\">presidente@casa.org.mx<\/a> o hablar al tel\u00e9fono de Los Estados Unidos 512 913 1162.<\/p>\n<\/div>\n\n\n\n<div class=\"wp-block-group has-border-color has-cyan-bluish-gray-border-color has-background wp-container-content-1 is-vertical is-layout-flex wp-container-core-group-is-layout-13 wp-block-group-is-layout-flex\" style=\"border-width:1px;background-color:#fff2ed\">\n<h3 class=\"wp-block-heading\">\ud83c\udfe1 Bienes Ra\u00edces<\/h3>\n\n\n\n<p>Existen varios m\u00e9todos para la donaci\u00f3n de bienes inmuebles, y los donantes suelen tener derecho a una deducci\u00f3n de impuestos. Contacte a&nbsp;finanzas@casa.org.mx tel 415 15 4 60 90 ext 115&nbsp;para informaci\u00f3n si est\u00e1 considerando una donaci\u00f3n de bienes ra\u00edces.<\/p>\n<\/div>\n\n\n\n<div class=\"wp-block-group has-border-color has-cyan-bluish-gray-border-color has-background is-vertical is-layout-flex wp-container-core-group-is-layout-14 wp-block-group-is-layout-flex\" style=\"border-width:1px;background-color:#faffed\">\n<h3 class=\"wp-block-heading\">\ud83d\udcbb Regalos en especie<\/h3>\n\n\n\n<p>Los regalos tangibles, tales como equipo m\u00e9dico, anticonceptivos, libros, equipo de computo, etc; pueden ser donados a la CASA A.C. para que los utilicen nuestro personal o personas que apoyamos.&nbsp; Favor de llamar 415 15 4 60 90 ext 115 en Mexico o el telefono 415 15 2 20 54 en Mexico o 512 913 1162 en Los Estados Unidos.<\/p>\n<\/div>\n\n\n\n<div class=\"wp-block-group has-border-color has-cyan-bluish-gray-border-color has-background wp-container-content-2 is-vertical is-layout-flex wp-container-core-group-is-layout-15 wp-block-group-is-layout-flex\" style=\"border-width:1px;background-color:#ffedfa\">\n<h3 class=\"wp-block-heading\">\ud83c\udfc6 Donaciones conmemorativas y honor\u00edficas<\/h3>\n\n\n\n<p>Puede hacer un regalo conmemorativo u honor\u00edfico en pesos mexicanos a CASA A.C. O en d\u00f3lares de Los Estados Unidos para honrar a un ser querido o para conmemorar un evento significativo como un aniversario o dar prestigio a su organizaci\u00f3n. Para mayor informaci\u00f3n favor de hablar en M\u00e9xico al 415 15 4 60 90 ext 115 o al 415 15 2 20 54 o al 512 913 1162 en los Estados Unidos.<\/p>\n\n\n\n<p><\/p>\n<\/div>\n<\/div>\n\n\n\n<div class=\"wp-block-group is-nowrap is-layout-flex wp-container-core-group-is-layout-21 wp-block-group-is-layout-flex\">\n<div class=\"wp-block-group has-border-color has-cyan-bluish-gray-border-color has-background wp-container-content-3 is-vertical is-layout-flex wp-container-core-group-is-layout-20 wp-block-group-is-layout-flex\" style=\"border-width:1px;background-color:#edfaff\">\n<h3 class=\"wp-block-heading\">\ud83d\udcc4 Legado<\/h3>\n\n\n\n<div class=\"wp-block-group is-layout-grid wp-container-core-group-is-layout-19 wp-block-group-is-layout-grid\">\n<div class=\"wp-block-group is-vertical is-layout-flex wp-container-core-group-is-layout-17 wp-block-group-is-layout-flex\">\n<p>Es un regalo hecho a trav\u00e9s de su voluntad o confianza para apoyarnos. Usted puede donar una cantidad o un activo espec\u00edfico en d\u00f3lares, un porcentaje de su patrimonio, el saldo o el residuo de sus bienes o hacer una designaci\u00f3n de beneficiario de ciertos activos.<\/p>\n\n\n\n<p>Con la ayuda de un asesor o abogado, puede incluir en su testamento o fideicomiso un lenguaje que especifique lo que quiere hacer.<\/p>\n\n\n\n<p>Hay beneficios al hacer un legado:<\/p>\n\n\n\n<ol class=\"wp-block-list\">\n<li>Usted deja un legado duradero para ser recordado<\/li>\n\n\n\n<li>Disminuye la carga de impuestos de su familia<\/li>\n\n\n\n<li>Puede recibir ahorros en el impuesto sobre el patrimonio<\/li>\n<\/ol>\n\n\n\n<p>Podemos proporcionarle una gu\u00eda gratuita de planificaci\u00f3n de la herencia.<\/p>\n\n\n\n<p>Puede destinar su legado a nuestro presupuesto operativo o a nuestra dotaci\u00f3n y antes de tomar sus decisiones podemos tener una reuni\u00f3n personal con usted para ayudarle a ver c\u00f3mo nuestra organizaci\u00f3n sin fines de lucro planea la estabilidad a largo plazo y asume la responsabilidad fiscal y la viabilidad. Es muy importante para nosotros que est\u00e9 considerando una inversi\u00f3n en nuestro futuro y queremos que tenga toda la informaci\u00f3n posible sobre nosotros. Por favor, env\u00edenos un correo electr\u00f3nico o ll\u00e1menos para concertar una cita. En M\u00e9xico el n\u00famero de tel\u00e9fono es 52 415 15 4 60 90 ext 115 y en Estados Unidos 512 913 1163.<\/p>\n<\/div>\n\n\n\n<div class=\"wp-block-group is-vertical is-layout-flex wp-container-core-group-is-layout-18 wp-block-group-is-layout-flex\">\n<h4 class=\"wp-block-heading\">\u00bfQu\u00e9 son las opciones de regalo planificado que proporcionan beneficios fiscales y de ingresos?<\/h4>\n\n\n\n<p>Hay muchas opciones de este tipo &#8211; por ejemplo, regalos de acciones y bonos; bienes ra\u00edces, activos de jubilaci\u00f3n como un regalo de su IRA, 401 (k), pensi\u00f3n u otro plan de impuestos diferidos; un regalo de seguro como una p\u00f3liza de seguro de vida o un fondo de inversi\u00f3n caritativo o un fideicomiso de anualidades o un fideicomiso principal de caridad. Otra opci\u00f3n es un patrimonio vitalicio reservado en el que usted entrega su propiedad a nuestra organizaci\u00f3n pero conserva el derecho de utilizar la propiedad durante su vida.<\/p>\n<\/div>\n<\/div>\n<\/div>\n<\/div>","protected":false},"excerpt":{"rendered":"<p>Formas de donar ahora \ud83d\udcb3 Tarjeta de cr\u00e9dito o d\u00e9bito y PayPal Puede hacer una donaci\u00f3n \u00fanica o mensual en d\u00f3lares estadounidenses o pesos mexicanos con su tarjeta de cr\u00e9dito o d\u00e9bito de las siguientes formas: \ud83d\udcc4 Cheques Los cheques de pesos mexicanos se deben crear a nombre de \u00abCentro para los Adolescentes de San [&hellip;]<\/p>","protected":false},"author":1,"featured_media":0,"parent":0,"menu_order":0,"comment_status":"closed","ping_status":"closed","template":"","meta":{"_joinchat":[],"footnotes":""},"class_list":["post-648","page","type-page","status-publish","hentry"],"blocksy_meta":{"has_hero_section":"disabled","background":{"background_type":"pattern","background_pattern":"type-16","background_image":{"attachment_id":null,"x":0,"y":0},"gradient":"linear-gradient(135deg,rgba(6,147,227,1) 0%,rgb(155,81,224) 100%)","background_repeat":"repeat","background_size":"auto","background_attachment":"scroll","patternColor":{"default":{"color":"#e5e7ea"}},"overlayColor":{"default":{"color":"CT_CSS_SKIP_RULE"}},"backgroundColor":{"default":{"color":"#ffffff"}}},"styles_descriptor":{"styles":{"desktop":"[data-prefix=\"single_page\"] {background-color:#ffffff;background-image:url(\"data:image\/svg+xml,%3Csvg xmlns='http:\/\/www.w3.org\/2000\/svg' fill='%23e5e7ea' fill-opacity='1' viewBox='0 0 56 100' width='56' height='100'%3E%3Cpath d='M28-1.2L-1,15.4v34v1.2v34l29,16.6l29-16.6v-34v-1.2v-34L28-1.2z M2,50l26-14.8L54,50L28,64.8L2,50z M1,16.6L27,1.7v31.7 L1,48.3V16.6z M1,51.7l26,14.9v31.7L1,83.4V51.7z M55,83.4L29,98.3V66.6l26-14.9V83.4z M29,33.4V1.7l26,14.9v31.7L29,33.4z'\/%3E%3C\/svg%3E\");}","tablet":"","mobile":""},"google_fonts":[],"version":6}},"_links":{"self":[{"href":"https:\/\/casa.cheverin.com\/en\/wp-json\/wp\/v2\/pages\/648","targetHints":{"allow":["GET"]}}],"collection":[{"href":"https:\/\/casa.cheverin.com\/en\/wp-json\/wp\/v2\/pages"}],"about":[{"href":"https:\/\/casa.cheverin.com\/en\/wp-json\/wp\/v2\/types\/page"}],"author":[{"embeddable":true,"href":"https:\/\/casa.cheverin.com\/en\/wp-json\/wp\/v2\/users\/1"}],"replies":[{"embeddable":true,"href":"https:\/\/casa.cheverin.com\/en\/wp-json\/wp\/v2\/comments?post=648"}],"version-history":[{"count":8,"href":"https:\/\/casa.cheverin.com\/en\/wp-json\/wp\/v2\/pages\/648\/revisions"}],"predecessor-version":[{"id":658,"href":"https:\/\/casa.cheverin.com\/en\/wp-json\/wp\/v2\/pages\/648\/revisions\/658"}],"wp:attachment":[{"href":"https:\/\/casa.cheverin.com\/en\/wp-json\/wp\/v2\/media?parent=648"}],"curies":[{"name":"wp","href":"https:\/\/api.w.org\/{rel}","templated":true}]}}