{"id":583,"date":"2025-02-26T22:31:36","date_gmt":"2025-02-26T21:31:36","guid":{"rendered":"https:\/\/casa.cheverin.com\/?page_id=583"},"modified":"2025-03-01T02:32:10","modified_gmt":"2025-03-01T01:32:10","slug":"practicas-profesionales-y-servicio-social","status":"publish","type":"page","link":"https:\/\/casa.cheverin.com\/en\/practicas-profesionales-y-servicio-social\/","title":{"rendered":"Pr\u00e1cticas Profesionales y Servicio Social"},"content":{"rendered":"<div class=\"wp-block-media-text is-stacked-on-mobile has-background\" style=\"border-width:3px;background-color:#faffed;grid-template-columns:35% auto\"><figure class=\"wp-block-media-text__media\"><img fetchpriority=\"high\" decoding=\"async\" width=\"1024\" height=\"968\" src=\"https:\/\/casa.cheverin.com\/wp-content\/uploads\/2025\/02\/envato-labs-image-edit-1-e1740422047604-1024x968.png\" alt=\"\" class=\"wp-image-396 size-full\" srcset=\"https:\/\/casa.cheverin.com\/wp-content\/uploads\/2025\/02\/envato-labs-image-edit-1-e1740422047604-1024x968.png 1024w, https:\/\/casa.cheverin.com\/wp-content\/uploads\/2025\/02\/envato-labs-image-edit-1-e1740422047604-300x284.png 300w, https:\/\/casa.cheverin.com\/wp-content\/uploads\/2025\/02\/envato-labs-image-edit-1-e1740422047604-768x726.png 768w, https:\/\/casa.cheverin.com\/wp-content\/uploads\/2025\/02\/envato-labs-image-edit-1-e1740422047604-1536x1452.png 1536w, https:\/\/casa.cheverin.com\/wp-content\/uploads\/2025\/02\/envato-labs-image-edit-1-e1740422047604-2048x1936.png 2048w, https:\/\/casa.cheverin.com\/wp-content\/uploads\/2025\/02\/envato-labs-image-edit-1-e1740422047604-13x12.png 13w\" sizes=\"(max-width: 1024px) 100vw, 1024px\" \/><\/figure><div class=\"wp-block-media-text__content\">\n<h1 class=\"wp-block-heading has-x-large-font-size\">Pr\u00e1cticas Profesionales y Servicio Social <\/h1>\n<\/div><\/div>\n\n\n\n<div class=\"wp-block-group has-background is-vertical is-layout-flex wp-container-core-group-is-layout-1 wp-block-group-is-layout-flex\" style=\"border-width:3px;background-color:#faffed\">\n<p>Las y los estudiantes que deseen realizar su Servicio Social o Pr\u00e1cticas Profesionales en la instituci\u00f3n de CASA deber\u00e1n de apegarse a los lineamientos siguientes:&nbsp;<\/p>\n\n\n\n<p>1.- Para la realizaci\u00f3n del Servicio Social o Pr\u00e1cticas Profesionales los aspirantes deber\u00e1n de presentar la siguiente documentaci\u00f3n: &nbsp;<\/p>\n\n\n\n<ul class=\"wp-block-list\">\n<li>Presentar la documentaci\u00f3n expedida por la escuela.&nbsp;\n<ul class=\"wp-block-list\">\n<li>Carta de Solicitud<\/li>\n\n\n\n<li>Documento por parte de la escuela en donde se indique que el alumno puede comenzar a realizar su Servicio Social o Pr\u00e1cticas Profesionales.&nbsp;<\/li>\n<\/ul>\n<\/li>\n<\/ul>\n\n\n\n<p>Todo en copia<\/p>\n\n\n\n<ul class=\"wp-block-list\">\n<li>Acta de nacimiento<\/li>\n\n\n\n<li>Comprobante de domicilio&nbsp;<\/li>\n\n\n\n<li>Curp&nbsp;<\/li>\n\n\n\n<li>INE (En caso de ser mayor de edad).<\/li>\n<\/ul>\n\n\n\n<p>.&nbsp;<\/p>\n\n\n\n<ul class=\"wp-block-list\">\n<li>Documentaci\u00f3n expedida por la instituci\u00f3n&nbsp;\n<ul class=\"wp-block-list\">\n<li>Hoja de vida<\/li>\n\n\n\n<li>Lista de asistencia<\/li>\n\n\n\n<li>Carta de aceptaci\u00f3n (Por parte de la persona a cargo de la supervisi\u00f3n del Servicio o Practicas)<\/li>\n\n\n\n<li>Carta de liberaci\u00f3n<\/li>\n<\/ul>\n<\/li>\n<\/ul>\n\n\n\n<p><strong>NOTA:<\/strong> Toda la documentaci\u00f3n deber\u00e1 de estar completa para comenzar el Servicio Social o Pr\u00e1cticas Profesionales.&nbsp;<\/p>\n\n\n\n<p>2.- Las y los alumnos que deseen presentar su servicio social o Pr\u00e1cticas profesionales&nbsp; deber\u00e1n apegarse a los lineamientos, reglamentos de la instituci\u00f3n y del programa en el cual estar\u00e1n realizando sus actividades. &nbsp;<\/p>\n\n\n\n<p>3.- La coordinadora, Coordinador, Director o Directora de cada programa ser\u00e1 la persona responsable de asignar las actividades a desarrollar dentro del \u00e1rea. &nbsp; &nbsp;<\/p>\n\n\n\n<p>4.- En caso de no poder acudir a la instituci\u00f3n se deber\u00e1 de dar aviso a la responsable de su supervisi\u00f3n.&nbsp;<\/p>\n\n\n\n<p>5.- Las alumnas y los alumnos deber\u00e1n demostrar un comportamiento adecuado dentro y fuera de la instituci\u00f3n cuando se encuentren realizando su Servicio Social, pr\u00e1cticas sociales o voluntariado &nbsp;<\/p>\n\n\n\n<p>6.- Las alumnas y los alumnos deber\u00e1n de brindar un trato respetuoso a las usuarias, usuarios, personal y toda aquella persona que llegue a la instituci\u00f3n. &nbsp;<\/p>\n\n\n\n<p><strong>Motivos de Suspensi\u00f3n o baja<\/strong>&nbsp;<\/p>\n\n\n\n<p>Cuando el alumno o alumna tenga 3 inasistencias consecutivas, sin dar aviso al responsable del programa, se consideraran faltas injustificadas y se dar\u00e1 por concluido el servicio Social o Pr\u00e1cticas Profesionales.&nbsp;<\/p>\n\n\n\n<p>Sera motivo de baja aquellas acciones graves cometidas por parte del o la estudiante<\/p>\n\n\n\n<p>Ingerir bebidas alcoh\u00f3licas en sus horarios en que realiza su servicio o pr\u00e1cticas profesionales<\/p>\n\n\n\n<p>Ingerir bebidas drogas o sustancias psicoactivas&nbsp; en sus horarios en que realiza su servicio o pr\u00e1cticas profesionales<\/p>\n\n\n\n<p>Atentar contra la integridad de quienes se encuentren dentro de la instituci\u00f3n.&nbsp;<\/p>\n\n\n\n<p>Violar la confidencialidad de la informaci\u00f3n que se maneje dentro del programa o instituci\u00f3n.&nbsp;<\/p>\n\n\n\n<p>Presentarse a la instituci\u00f3n en estado inconveniente<\/p>\n\n\n\n<p>En cualquiera de los casos anteriores la persona responsable del programa deber\u00e1 de dar aviso a Recursos Humanos para que este a su vez notifique a la escuela.&nbsp;<\/p>\n\n\n\n<p><strong>La suspensi\u00f3n del servicio Social o pr\u00e1cticas Profesionales se dar\u00e1 cuando<\/strong><\/p>\n\n\n\n<p>No se haya presentado toda la documentaci\u00f3n solicitada<\/p>\n\n\n\n<p>Causas de fuerza mayor o caso fortuito.&nbsp;<\/p>\n\n\n\n<p>Por causas de salud que pueda presentar el o la estudiante.&nbsp;<\/p>\n\n\n\n<p>Estudiantes embarazadas que su embarazo sea de alto riesgo.&nbsp;<\/p>\n\n\n\n<p>Cuando la persona responsable responsable de programa lo considere.&nbsp;<\/p>\n\n\n\n<p>En cualquiera de los casos anteriores la persona responsable del programa deber\u00e1 de dar aviso a Recursos Humanos para que este a su vez notifique a la escuela.<\/p>\n<\/div>\n\n\n\n<p><\/p>","protected":false},"excerpt":{"rendered":"<p>Pr\u00e1cticas Profesionales y Servicio Social Las y los estudiantes que deseen realizar su Servicio Social o Pr\u00e1cticas Profesionales en la instituci\u00f3n de CASA deber\u00e1n de apegarse a los lineamientos siguientes:&nbsp; 1.- Para la realizaci\u00f3n del Servicio Social o Pr\u00e1cticas Profesionales los aspirantes deber\u00e1n de presentar la siguiente documentaci\u00f3n: &nbsp; Todo en copia .&nbsp; NOTA: Toda [&hellip;]<\/p>","protected":false},"author":1,"featured_media":0,"parent":0,"menu_order":0,"comment_status":"closed","ping_status":"closed","template":"","meta":{"_joinchat":[],"footnotes":""},"class_list":["post-583","page","type-page","status-publish","hentry"],"blocksy_meta":{"has_hero_section":"disabled","background":{"background_type":"image","background_pattern":"type-1","background_image":{"attachment_id":418,"x":0,"y":0,"url":"https:\/\/casa.cheverin.com\/wp-content\/uploads\/2025\/02\/hand-drawn-seamless-pattern-book-doodle-elements-education-concept_253081-84.avif"},"gradient":"linear-gradient(135deg,rgba(6,147,227,1) 0%,rgb(155,81,224) 100%)","background_repeat":"repeat","background_size":"auto","background_attachment":"scroll","patternColor":{"default":{"color":"#e5e7ea"}},"overlayColor":{"default":{"color":"CT_CSS_SKIP_RULE"}},"backgroundColor":{"default":{"color":"#ffffff"}}},"styles_descriptor":{"styles":{"desktop":"[data-prefix=\"single_page\"] {background-position:0% 0%;background-color:#ffffff;background-image:url(https:\/\/casa.cheverin.com\/wp-content\/uploads\/2025\/02\/hand-drawn-seamless-pattern-book-doodle-elements-education-concept_253081-84.avif);}","tablet":"","mobile":""},"google_fonts":[],"version":6},"page_structure_type":"type-3"},"_links":{"self":[{"href":"https:\/\/casa.cheverin.com\/en\/wp-json\/wp\/v2\/pages\/583","targetHints":{"allow":["GET"]}}],"collection":[{"href":"https:\/\/casa.cheverin.com\/en\/wp-json\/wp\/v2\/pages"}],"about":[{"href":"https:\/\/casa.cheverin.com\/en\/wp-json\/wp\/v2\/types\/page"}],"author":[{"embeddable":true,"href":"https:\/\/casa.cheverin.com\/en\/wp-json\/wp\/v2\/users\/1"}],"replies":[{"embeddable":true,"href":"https:\/\/casa.cheverin.com\/en\/wp-json\/wp\/v2\/comments?post=583"}],"version-history":[{"count":4,"href":"https:\/\/casa.cheverin.com\/en\/wp-json\/wp\/v2\/pages\/583\/revisions"}],"predecessor-version":[{"id":10556,"href":"https:\/\/casa.cheverin.com\/en\/wp-json\/wp\/v2\/pages\/583\/revisions\/10556"}],"wp:attachment":[{"href":"https:\/\/casa.cheverin.com\/en\/wp-json\/wp\/v2\/media?parent=583"}],"curies":[{"name":"wp","href":"https:\/\/api.w.org\/{rel}","templated":true}]}}