{"id":533,"date":"2025-02-25T18:20:09","date_gmt":"2025-02-25T17:20:09","guid":{"rendered":"https:\/\/casa.cheverin.com\/?page_id=533"},"modified":"2025-02-25T18:21:30","modified_gmt":"2025-02-25T17:21:30","slug":"tipos-de-violencia","status":"publish","type":"page","link":"https:\/\/casa.cheverin.com\/en\/tipos-de-violencia\/","title":{"rendered":"Tipos de violencia"},"content":{"rendered":"<div class=\"wp-block-group is-layout-grid wp-container-core-group-is-layout-13 wp-block-group-is-layout-grid\">\n<div class=\"wp-block-group has-background is-layout-constrained wp-block-group-is-layout-constrained\" style=\"background-color:#edf1ff\">\n<h3 class=\"wp-block-heading\"><strong>Violencia f\u00edsica<\/strong><\/h3>\n\n\n\n<p>Cualquier acto material, no accidental, que inflige da\u00f1o a la mujer a trav\u00e9s del uso de la fuerza f\u00edsica, sustancias, armas u objetos, que puede provocar o no lesiones, ya sean internas, externas o ambas.<\/p>\n<\/div>\n\n\n\n<div class=\"wp-block-group has-background is-layout-constrained wp-block-group-is-layout-constrained\" style=\"background-color:#edf1ff\">\n<h3 class=\"wp-block-heading\"><strong>Violencia docente<\/strong><\/h3>\n\n\n\n<p>Aquellas conductas que da\u00f1en la autoestima de las alumnas con actos de discriminaci\u00f3n por su sexo, edad, condici\u00f3n social, acad\u00e9mica, limitaciones o caracter\u00edsticas f\u00edsicas, que les infligen maestras o maestros.<\/p>\n<\/div>\n\n\n\n<div class=\"wp-block-group has-background is-layout-constrained wp-block-group-is-layout-constrained\" style=\"background-color:#edf1ff\">\n<h3 class=\"wp-block-heading\"><strong>Violencia feminicida<\/strong><\/h3>\n\n\n\n<p>Es la forma extrema de violencia de g\u00e9nero contra las mujeres, producto de la violaci\u00f3n de sus derechos humanos, en los \u00e1mbitos p\u00fablico y privado, conformada por el conjunto de conductas mis\u00f3ginas que pueden conllevar impunidad social y del Estado y puede culminar en homicidio y otras formas de muerte violenta de mujeres.<\/p>\n<\/div>\n\n\n\n<div class=\"wp-block-group has-background is-layout-constrained wp-block-group-is-layout-constrained\" style=\"background-color:#edf1ff\">\n<h3 class=\"wp-block-heading\"><strong>Violencia sexual<\/strong><\/h3>\n\n\n\n<p>Cualquier acto de contenido sexual que amenaza, degrada o da\u00f1a el cuerpo o la sexualidad de la v\u00edctima, o ambas, que atenta contra su libertad, dignidad, seguridad sexual o integridad f\u00edsica, que implica el abuso de poder y la supremac\u00eda sobre la v\u00edctima, al denigrarla y concebirla como objeto.<\/p>\n<\/div>\n\n\n\n<div class=\"wp-block-group has-background is-layout-constrained wp-block-group-is-layout-constrained\" style=\"background-color:#edf1ff\">\n<h3 class=\"wp-block-heading\"><strong>Violencia psicol\u00f3gica<\/strong><\/h3>\n\n\n\n<p>Cualquier acto u omisi\u00f3n que da\u00f1e la estabilidad psicol\u00f3gica o emocional de la mujer consistente en negligencia, abandono, descuido reiterado, celotipia, insultos, humillaciones, devaluaci\u00f3n, marginaci\u00f3n, indiferencia, infidelidad, comparaciones destructivas, rechazo, restricci\u00f3n a la autodeterminaci\u00f3n y amenazas, las cuales conducen a la v\u00edctima a la depresi\u00f3n, al aislamiento, a la devaluaci\u00f3n de su autoestima e incluso al suicidio.<\/p>\n<\/div>\n\n\n\n<div class=\"wp-block-group has-background is-layout-constrained wp-block-group-is-layout-constrained\" style=\"background-color:#edf1ff\">\n<h3 class=\"wp-block-heading\"><strong><strong>Violencia patrimonial<\/strong><\/strong><\/h3>\n\n\n\n<p>Cualquier acto u omisi\u00f3n que afecta la supervivencia de la v\u00edctima. Se manifiesta en la transformaci\u00f3n, sustracci\u00f3n, destrucci\u00f3n, limitaci\u00f3n, retenci\u00f3n o distracci\u00f3n de objetos, documentos personales, bienes, valores, derechos patrimoniales o recursos econ\u00f3micos destinados a satisfacer sus necesidades, y puede abarcar los da\u00f1os a los bienes comunes o propios de la v\u00edctima.<\/p>\n<\/div>\n\n\n\n<div class=\"wp-block-group has-background is-layout-constrained wp-block-group-is-layout-constrained\" style=\"background-color:#edf1ff\">\n<h3 class=\"wp-block-heading\"><strong><strong><strong>Violencia econ\u00f3mica<\/strong><\/strong><\/strong><\/h3>\n\n\n\n<p>Es toda acci\u00f3n u omisi\u00f3n del agresor que afecta la econom\u00eda de la v\u00edctima. Se manifiesta a trav\u00e9s de limitaciones encaminadas a controlar el ingreso de sus percepciones econ\u00f3micas, as\u00ed como la percepci\u00f3n de un salario menor por igual trabajo, dentro de un mismo centro laboral; tambi\u00e9n se considera como tal el incumplimiento de obligaciones de asistencia familiar.<\/p>\n<\/div>\n\n\n\n<div class=\"wp-block-group has-background is-layout-constrained wp-block-group-is-layout-constrained\" style=\"background-color:#edf1ff\">\n<h3 class=\"wp-block-heading\"><strong>Violencia<\/strong> <strong>laboral<\/strong><\/h3>\n\n\n\n<p>La negativa ilegal a contratar a la v\u00edctima o a respetar su permanencia o condiciones generales de trabajo; la descalificaci\u00f3n del trabajo realizado, las amenazas, la intimidaci\u00f3n, las humillaciones, la explotaci\u00f3n, el impedimento a las mujeres de llevar a cabo el per\u00edodo de lactancia previsto en la ley y todo tipo de discriminaci\u00f3n por condici\u00f3n de g\u00e9nero.<\/p>\n<\/div>\n\n\n\n<div class=\"wp-block-group has-background is-layout-constrained wp-block-group-is-layout-constrained\" style=\"background-color:#edf1ff\">\n<h3 class=\"wp-block-heading\"><strong>Violencia obst\u00e9trica<\/strong><\/h3>\n\n\n\n<p>Es toda acci\u00f3n u omisi\u00f3n por parte del personal m\u00e9dico o administrativo perteneciente a los servicios de salud p\u00fablicos y privados del Sistema Estatal de Salud, que violente los principios rectores que se\u00f1ala el art\u00edculo 3 de la presente ley, o bien, que da\u00f1e f\u00edsica o psicol\u00f3gicamente, lastime, discrimine o denigre a la mujer durante el embarazo, parto o puerperio; as\u00ed como la negligencia m\u00e9dica, negaci\u00f3n del servicio y la vulneraci\u00f3n o limitaci\u00f3n de los derechos sexuales y reproductivos de las mujeres.<\/p>\n<\/div>\n\n\n\n<div class=\"wp-block-group has-background is-layout-constrained wp-block-group-is-layout-constrained\" style=\"background-color:#edf1ff\">\n<h3 class=\"wp-block-heading\"><strong>Violencia<\/strong>\u00a0<strong>pol\u00edtica<\/strong><\/h3>\n\n\n\n<p>Es la acci\u00f3n u omisi\u00f3n que, en el \u00e1mbito pol\u00edtico, p\u00fablico o privado, tenga por objeto o resultado limitar, anular o menoscabar el ejercicio efectivo de los derechos pol\u00edtico-electorales de una mujer, el acceso al pleno ejercicio de las atribuciones inherentes a su cargo o funci\u00f3n del poder p\u00fablico y se manifiesta en presi\u00f3n, persecuci\u00f3n, hostigamiento, acoso, coacci\u00f3n, vejaci\u00f3n, discriminaci\u00f3n, amenazas o privaci\u00f3n de la libertad o de la vida en raz\u00f3n de g\u00e9nero.<\/p>\n<\/div>\n\n\n\n<div class=\"wp-block-group has-background is-layout-constrained wp-block-group-is-layout-constrained\" style=\"background-color:#edf1ff\">\n<h3 class=\"wp-block-heading\"><strong>Violencia por acoso<\/strong><\/h3>\n\n\n\n<p>&nbsp;Es la agresi\u00f3n reflejada en cualquier acto expresivo, verbal o f\u00edsico, motivada u orientada por discriminaci\u00f3n con base en el g\u00e9nero, que pretenda coaccionar a la persona acosada con molestias o requerimientos que la coloquen intencionalmente en una situaci\u00f3n de riesgo, incluso en aquellos casos donde no exista subordinaci\u00f3n, pero el acosador cometa un ejercicio abusivo del poder que ponga a la v\u00edctima en estado de indefensi\u00f3n.<\/p>\n<\/div>\n\n\n\n<div class=\"wp-block-group has-background is-layout-constrained wp-block-group-is-layout-constrained\" style=\"background-color:#edf1ff\">\n<h3 class=\"wp-block-heading\"><strong>Violencia digital<\/strong><\/h3>\n\n\n\n<p>Acci\u00f3n u omisi\u00f3n que se produce cuando una persona provoca o realiza da\u00f1os f\u00edsicos o psicol\u00f3gicos a una mujer, utilizando las tecnolog\u00edas de la informaci\u00f3n y comunicaci\u00f3n, vulnerando principalmente su dignidad, intimidad,&nbsp;libertad y vida privada.<\/p>\n<\/div>\n<\/div>\n\n\n\n<p><\/p>","protected":false},"excerpt":{"rendered":"<p>Violencia f\u00edsica Cualquier acto material, no accidental, que inflige da\u00f1o a la mujer a trav\u00e9s del uso de la fuerza f\u00edsica, sustancias, armas u objetos, que puede provocar o no lesiones, ya sean internas, externas o ambas. Violencia docente Aquellas conductas que da\u00f1en la autoestima de las alumnas con actos de discriminaci\u00f3n por su sexo, [&hellip;]<\/p>","protected":false},"author":1,"featured_media":0,"parent":0,"menu_order":0,"comment_status":"closed","ping_status":"closed","template":"","meta":{"_joinchat":[],"footnotes":""},"class_list":["post-533","page","type-page","status-publish","hentry"],"blocksy_meta":{"has_hero_section":"disabled","styles_descriptor":{"styles":{"desktop":"","tablet":"","mobile":""},"google_fonts":[],"version":6}},"_links":{"self":[{"href":"https:\/\/casa.cheverin.com\/en\/wp-json\/wp\/v2\/pages\/533","targetHints":{"allow":["GET"]}}],"collection":[{"href":"https:\/\/casa.cheverin.com\/en\/wp-json\/wp\/v2\/pages"}],"about":[{"href":"https:\/\/casa.cheverin.com\/en\/wp-json\/wp\/v2\/types\/page"}],"author":[{"embeddable":true,"href":"https:\/\/casa.cheverin.com\/en\/wp-json\/wp\/v2\/users\/1"}],"replies":[{"embeddable":true,"href":"https:\/\/casa.cheverin.com\/en\/wp-json\/wp\/v2\/comments?post=533"}],"version-history":[{"count":3,"href":"https:\/\/casa.cheverin.com\/en\/wp-json\/wp\/v2\/pages\/533\/revisions"}],"predecessor-version":[{"id":536,"href":"https:\/\/casa.cheverin.com\/en\/wp-json\/wp\/v2\/pages\/533\/revisions\/536"}],"wp:attachment":[{"href":"https:\/\/casa.cheverin.com\/en\/wp-json\/wp\/v2\/media?parent=533"}],"curies":[{"name":"wp","href":"https:\/\/api.w.org\/{rel}","templated":true}]}}