{"id":442,"date":"2025-02-24T20:44:17","date_gmt":"2025-02-24T19:44:17","guid":{"rendered":"https:\/\/casa.cheverin.com\/?page_id=442"},"modified":"2025-03-01T02:21:57","modified_gmt":"2025-03-01T01:21:57","slug":"aviso-de-privacidad","status":"publish","type":"page","link":"https:\/\/casa.cheverin.com\/en\/aviso-de-privacidad\/","title":{"rendered":"Aviso de privacidad"},"content":{"rendered":"<div class=\"wp-block-group has-white-background-color has-background is-vertical is-layout-flex wp-container-core-group-is-layout-1 wp-block-group-is-layout-flex\">\n<h1 class=\"wp-block-heading\">Aviso de privacidad<\/h1>\n\n\n\n<p>Una de nuestras principales prioridades es la privacidad de nuestros visitantes. Este documento de Pol\u00edtica de Privacidad contiene los tipos de informaci\u00f3n que se recogen y registran.<\/p>\n\n\n\n<p>Si tiene m\u00e1s preguntas o necesita m\u00e1s informaci\u00f3n sobre nuestra pol\u00edtica de privacidad, no dude en ponerse en contacto con nosotros.<\/p>\n\n\n\n<h2 class=\"wp-block-heading\">Reglamento General de Protecci\u00f3n de Datos (GDPR)<\/h2>\n\n\n\n<p>Somos un controlador de datos de su informaci\u00f3n.<\/p>\n\n\n\n<p>Nuestra base legal para recopilar y utilizar la informaci\u00f3n personal descrita en esta Pol\u00edtica de Privacidad depende de la Informaci\u00f3n Personal que recopilemos y del contexto espec\u00edfico en el que la recopilemos:<\/p>\n\n\n\n<ul class=\"wp-block-list\">\n<li>Tenemos que cumplir un contrato con usted<\/li>\n\n\n\n<li>Nos ha dado permiso para hacerlo.<\/li>\n\n\n\n<li>El procesamiento de su informaci\u00f3n personal est\u00e1 en nuestros leg\u00edtimos intereses<\/li>\n\n\n\n<li>Tenemos que cumplir con la ley<\/li>\n<\/ul>\n\n\n\n<p>Conservaremos su informaci\u00f3n personal s\u00f3lo durante el tiempo que sea necesario para los fines establecidos en esta Pol\u00edtica de Privacidad. Retendremos y utilizaremos su informaci\u00f3n en la medida necesaria para cumplir con nuestras obligaciones legales, resolver disputas y hacer cumplir nuestras pol\u00edticas.<\/p>\n\n\n\n<p>Si es residente del Espacio Econ\u00f3mico Europeo (EEE), as\u00ed como de cualquier parte del mundo tiene ciertos derechos de protecci\u00f3n de datos. Si desea que le informemos sobre la informaci\u00f3n personal que tenemos sobre usted y si quiere que se elimine de nuestros sistemas, por favor, p\u00f3ngase en contacto con nosotros. Nuestra Pol\u00edtica de Privacidad fue generada con la ayuda de<a href=\"https:\/\/www.gdprprivacypolicy.net\/\">&nbsp;GDPR Privacy Policy Generator<\/a>&nbsp;y<a href=\"https:\/\/www.app-privacy-policy.com\/app-privacy-policy-generator\/\">&nbsp;App Privacy Policy Generator<\/a>.<\/p>\n\n\n\n<p>En determinadas circunstancias, usted tiene los siguientes derechos de protecci\u00f3n de datos:<\/p>\n\n\n\n<ul class=\"wp-block-list\">\n<li>El derecho a acceder, actualizar o eliminar la informaci\u00f3n que tenemos sobre usted.<\/li>\n\n\n\n<li>El derecho de rectificaci\u00f3n.<\/li>\n\n\n\n<li>El derecho a objetar.<\/li>\n\n\n\n<li>El derecho de restricci\u00f3n.<\/li>\n\n\n\n<li>El derecho a la portabilidad de los datos<\/li>\n\n\n\n<li>El derecho a retirar el consentimiento<\/li>\n<\/ul>\n\n\n\n<h2 class=\"wp-block-heading\">Archivos de registro<\/h2>\n\n\n\n<p>Seguimos un procedimiento est\u00e1ndar de uso de archivos de registro. Estos archivos registran a los visitantes cuando visitan los sitios web. Todas las empresas de hosting hacen esto y una parte de los an\u00e1lisis de los servicios de hosting. La informaci\u00f3n recogida por los archivos de registro incluye direcciones de protocolo de Internet (IP), tipo de navegador, proveedor de servicios de Internet (ISP), fecha y hora, p\u00e1ginas de referencia\/salida, y posiblemente el n\u00famero de clics. \u00c9stas no est\u00e1n vinculadas a ninguna informaci\u00f3n que permita la identificaci\u00f3n personal. El prop\u00f3sito de la informaci\u00f3n es analizar las tendencias, administrar el sitio, rastrear el movimiento de los usuarios en el sitio web y reunir informaci\u00f3n demogr\u00e1fica.<\/p>\n\n\n\n<h2 class=\"wp-block-heading\">Cookies y Web Beacons<\/h2>\n\n\n\n<p>Como cualquier otro sitio web, usamos \u201ccookies\u201d. Estas cookies se utilizan para almacenar informaci\u00f3n, incluyendo las preferencias de los visitantes, y las p\u00e1ginas del sitio web que el visitante accedi\u00f3 o visit\u00f3. La informaci\u00f3n se utiliza para optimizar la experiencia de los usuarios personalizando el contenido de nuestra p\u00e1gina web en funci\u00f3n del tipo de navegador de los visitantes y\/u otra informaci\u00f3n.<\/p>\n\n\n\n<p>Para obtener m\u00e1s informaci\u00f3n general sobre las cookies, por favor lea<a href=\"https:\/\/www.cookieconsent.com\/what-are-cookies\/\">&nbsp;\u00ab\u00bfQu\u00e9 son las cookies?\u00bb<\/a>.<\/p>\n\n\n\n<h2 class=\"wp-block-heading\">Pol\u00edticas de privacidad<\/h2>\n\n\n\n<p>Puede consultar esta lista para encontrar la Pol\u00edtica de Privacidad de cada uno de nuestros socios publicitarios.<\/p>\n\n\n\n<p>Los servidores o redes publicitarias de terceros utilizan tecnolog\u00edas como cookies, JavaScript o Web Beacons que se utilizan en sus respectivos anuncios y enlaces que aparecen en nuestro sitio web. que se env\u00edan directamente al navegador de los usuarios. Ellos reciben autom\u00e1ticamente su direcci\u00f3n IP cuando esto ocurre. Estas tecnolog\u00edas se utilizan para medir la eficacia de sus campa\u00f1as publicitarias y\/o para personalizar el contenido de la publicidad que se ve en los sitios web que se visitan.<\/p>\n\n\n\n<p>Tenga en cuenta que no tenemos acceso ni control sobre estas cookies que utilizan los anunciantes de terceros.<\/p>\n\n\n\n<h2 class=\"wp-block-heading\">Pol\u00edticas de privacidad de terceros<\/h2>\n\n\n\n<p>Nuestra pol\u00edtica de privacidad no se aplica a otros anunciantes o sitios web. Por lo tanto, le aconsejamos que consulte las respectivas pol\u00edticas de privacidad de estos servidores de anuncios de terceros para obtener informaci\u00f3n m\u00e1s detallada. Puede incluir sus pr\u00e1cticas e instrucciones acerca de c\u00f3mo excluirse de ciertas opciones.<\/p>\n\n\n\n<p>Puede elegir deshabilitar las cookies a trav\u00e9s de las opciones individuales de su navegador. Para conocer informaci\u00f3n m\u00e1s detallada sobre la gesti\u00f3n de las cookies con navegadores web espec\u00edficos, puede encontrarse en los respectivos sitios web de los navegadores.<\/p>\n\n\n\n<h2 class=\"wp-block-heading\">Informaci\u00f3n para ni\u00f1os<\/h2>\n\n\n\n<p>Otra parte de nuestra prioridad es a\u00f1adir protecci\u00f3n para los ni\u00f1os mientras usan Internet. Animamos a los padres y tutores a que observen, participen y\/o controlen y gu\u00eden su actividad en l\u00ednea.<\/p>\n\n\n\n<p>No recogemos a sabiendas ninguna Informaci\u00f3n de Identificaci\u00f3n Personal de ni\u00f1os menores de 13 a\u00f1os. Si cree que su hijo ha proporcionado este tipo de informaci\u00f3n en nuestro sitio web, le recomendamos encarecidamente que se ponga en contacto con nosotros inmediatamente y haremos todo lo posible para eliminar r\u00e1pidamente dicha informaci\u00f3n de nuestros registros.<\/p>\n\n\n\n<h2 class=\"wp-block-heading\">Pol\u00edtica de privacidad en l\u00ednea solamente<\/h2>\n\n\n\n<p>Nuestra Pol\u00edtica de Privacidad creada en GDPRPrivacyPolicy.net) se aplica s\u00f3lo a nuestras actividades en l\u00ednea y es v\u00e1lida para los visitantes de nuestro sitio web en lo que respecta a la informaci\u00f3n que compartieron y\/o recogieron en nuestro sitio web. Esta pol\u00edtica no es aplicable a ninguna informaci\u00f3n recogida fuera de l\u00ednea o a trav\u00e9s de canales distintos de este sitio web.&nbsp;<a href=\"https:\/\/gdprprivacypolicy.net\/\">&nbsp;Nuestra pol\u00edtica de privacidad de GDPR<\/a>&nbsp;&nbsp;se gener\u00f3 a partir del Generador de Pol\u00edticas de Privacidad de GDPR.<\/p>\n\n\n\n<h2 class=\"wp-block-heading\">CONSENTIMIENTO<\/h2>\n\n\n\n<p>Al utilizar nuestro sitio web, usted acepta nuestra Pol\u00edtica de Privacidad y est\u00e1 de acuerdo con sus t\u00e9rmino<\/p>\n<\/div>","protected":false},"excerpt":{"rendered":"<p>Aviso de privacidad Una de nuestras principales prioridades es la privacidad de nuestros visitantes. Este documento de Pol\u00edtica de Privacidad contiene los tipos de informaci\u00f3n que se recogen y registran. Si tiene m\u00e1s preguntas o necesita m\u00e1s informaci\u00f3n sobre nuestra pol\u00edtica de privacidad, no dude en ponerse en contacto con nosotros. Reglamento General de Protecci\u00f3n [&hellip;]<\/p>","protected":false},"author":1,"featured_media":0,"parent":0,"menu_order":0,"comment_status":"closed","ping_status":"closed","template":"","meta":{"_joinchat":[],"footnotes":""},"class_list":["post-442","page","type-page","status-publish","hentry"],"blocksy_meta":{"page_structure_type":"type-3","styles_descriptor":{"styles":{"desktop":"[data-prefix=\"single_page\"] {background-color:#ffffff;background-image:url(\"data:image\/svg+xml,%3Csvg width='40' height='40' viewBox='0 0 40 40' xmlns='http:\/\/www.w3.org\/2000\/svg'%3E%3Cg fill='%23e5e7ea' fill-opacity='1' fill-rule='evenodd'%3E%3Cpath d='M0 40L40 0H20L0 20M40 40V20L20 40'\/%3E%3C\/g%3E%3C\/svg%3E\");}","tablet":"","mobile":""},"google_fonts":[],"version":6},"has_hero_section":"disabled","background":{"background_type":"pattern","background_pattern":"type-11","background_image":{"attachment_id":null,"x":0,"y":0},"gradient":"linear-gradient(135deg,rgba(6,147,227,1) 0%,rgb(155,81,224) 100%)","background_repeat":"repeat","background_size":"auto","background_attachment":"scroll","patternColor":{"default":{"color":"#e5e7ea"}},"overlayColor":{"default":{"color":"CT_CSS_SKIP_RULE"}},"backgroundColor":{"default":{"color":"#ffffff"}}}},"_links":{"self":[{"href":"https:\/\/casa.cheverin.com\/en\/wp-json\/wp\/v2\/pages\/442","targetHints":{"allow":["GET"]}}],"collection":[{"href":"https:\/\/casa.cheverin.com\/en\/wp-json\/wp\/v2\/pages"}],"about":[{"href":"https:\/\/casa.cheverin.com\/en\/wp-json\/wp\/v2\/types\/page"}],"author":[{"embeddable":true,"href":"https:\/\/casa.cheverin.com\/en\/wp-json\/wp\/v2\/users\/1"}],"replies":[{"embeddable":true,"href":"https:\/\/casa.cheverin.com\/en\/wp-json\/wp\/v2\/comments?post=442"}],"version-history":[{"count":2,"href":"https:\/\/casa.cheverin.com\/en\/wp-json\/wp\/v2\/pages\/442\/revisions"}],"predecessor-version":[{"id":10540,"href":"https:\/\/casa.cheverin.com\/en\/wp-json\/wp\/v2\/pages\/442\/revisions\/10540"}],"wp:attachment":[{"href":"https:\/\/casa.cheverin.com\/en\/wp-json\/wp\/v2\/media?parent=442"}],"curies":[{"name":"wp","href":"https:\/\/api.w.org\/{rel}","templated":true}]}}