{"id":377,"date":"2025-02-24T19:02:08","date_gmt":"2025-02-24T18:02:08","guid":{"rendered":"https:\/\/casa.cheverin.com\/?page_id=377"},"modified":"2025-02-24T19:20:47","modified_gmt":"2025-02-24T18:20:47","slug":"xhsma-92-1-codigo-de-etica","status":"publish","type":"page","link":"https:\/\/casa.cheverin.com\/en\/xhsma-92-1-codigo-de-etica\/","title":{"rendered":"XHSMA 92.1 C\u00f3digo de \u00c9tica"},"content":{"rendered":"<div class=\"wp-block-group has-palette-color-8-background-color has-background is-layout-constrained wp-block-group-is-layout-constrained\">\n<h1 class=\"wp-block-heading\">XHSMA 92.1 C\u00f3digo de \u00c9tica<\/h1>\n\n\n\n<h3 class=\"wp-block-heading\">CAP\u00cdTULO I<\/h3>\n\n\n\n<p>OBJETO<br>El C\u00f3digo de \u00c9tica tiene como prop\u00f3sito establecer los principios, objetivos, valores, deberes y<br>obligaciones que regir\u00e1n el actuar de La estaci\u00f3n de radio XHSMA-FM con la sociedad, mediante comportamientos responsables.<br>En el presente C\u00f3digo de \u00c9tica se incorporan determinados lineamientos con el fin de prevenir<br>comportamientos de los que se pueda derivar alg\u00fan tipo de da\u00f1o a la sociedad o desprestigio para la estaci\u00f3n de radio XHSMA-FM.<\/p>\n\n\n\n<h3 class=\"wp-block-heading\">CAPITULO II<\/h3>\n\n\n\n<p>\u00c1MBITO DE APLICACI\u00d3N<br>Para los efectos de este C\u00f3digo de \u00c9tica, por Colaborador se entender\u00e1 cualquier persona f\u00edsica o moral que transmita contenido a trav\u00e9s de la estaci\u00f3n XHSMA-FM.<\/p>\n\n\n\n<h3 class=\"wp-block-heading\">CAPITULO III<\/h3>\n\n\n\n<p>ACEPTACI\u00d3N<br>La estaci\u00f3n XHSMA-FM requiere que sus colaboradores se adhieran a los principios establecidos por este C\u00f3digo. De igual forma los Colaboradores se obligan a que todos sus funcionarios, empleados y directivos se adhieran a este C\u00f3digo.<br>Las personas que, en el futuro, se incorporen como colaboradores de XHSMA-FM, sus funcionarios, empleados y directivos, aceptar\u00e1n expresamente el contenido \u00edntegro de este C\u00f3digo de \u00c9tica y, en especial los principios objetivos y valores que est\u00e1n establecidos en el mismo.<\/p>\n\n\n\n<h3 class=\"wp-block-heading\">CAPITULO IV<\/h3>\n\n\n\n<p>PRINCIPIOS GENERALES<br>Los Radiodifusores en materia de informaci\u00f3n se obligan a:<br>\u2022 Informar al p\u00fablico de una manera precisa, exhaustiva e imparcial sobre los eventos y temas de importancia.<\/p>\n\n\n\n<p>\u2022 Presentar noticias e informaci\u00f3n sin distorsi\u00f3n. Las entrevistas podr\u00e1n ser editadas siempre que el significado no se cambie o se distorsione.<br>\u2022 Las salas de redacci\u00f3n de los Radiodifusores deber\u00e1n adoptar medidas para garantizar la<br>autenticidad de todo el video y audio, incluyendo el material informativo adquirido del p\u00fablico,<br>reporteros aut\u00f3nomos y otras fuentes, antes de difundirlo.<br>\u2022 Reconocer los errores r\u00e1pidamente y corregirlos.<br>\u2022 Tratar a las personas que son sujetos de noticias con decencia y sensibilidad especialmente<br>cuando se trata de ni\u00f1os. Esforzarse en un comportamiento cort\u00e9s y considerado, recopilando la informaci\u00f3n de la manera m\u00e1s discreta posible.<br>\u2022 Evitar distorsionar el car\u00e1cter o la importancia de los acontecimientos.<br>\u2022 Distinguir claramente las participaciones editoriales y comentarios del contexto informativo.<br>\u2022 Procurar que sus transmisiones se mantengan dentro de los l\u00edmites del respeto a la vida privada,<br>a la dignidad personal y a la moral, y no ataquen los derechos de terceros, ni provoquen la<br>comisi\u00f3n de alg\u00fan delito o perturben el orden y la paz p\u00fablicos.<br>El radio debe ser un espacio responsable de informaci\u00f3n, entretenimiento, cultura y convivencia.<br>Los Radiodifusores se obligan atender las recomendaciones del Defensor de Audiencia que<br>nombrar\u00e1 la estaci\u00f3n XHSMA-FM y deber\u00e1n coordinarse con el mismo para atender las quejas uobservaciones de la audiencia.<\/p>\n\n\n\n<h3 class=\"wp-block-heading\">CAPITULO V<\/h3>\n\n\n\n<p>TRATAMIENTO DE LA INFORMACI\u00d3N<br>\u2022 Los contenidos deben estar libres de cualquier prejuicio. Toda corriente de pensamiento debe ser representada debidamente. No obstante, ser imparcial no implica abstenerse de asumir de manera leg\u00edtima posturas editoriales. Los medios deber\u00e1n distinguir en la medida de lo posible la informaci\u00f3n de la opini\u00f3n y la publicidad o propaganda.<br>\u2022 Se deber\u00e1 informar al p\u00fablico de una manera clara, precisa y exhaustiva, citando la fuente y<br>respetando en todo momento los derechos de autor.<br>\u2022 Se deber\u00e1 verificar, tanto como sea posible en sus circunstancias, los hechos que reporten.<br>Siempre que sea posible deber\u00e1n recoger la informaci\u00f3n de primera mano, en su defecto, deber\u00e1n buscar testigos.<br>\u2022 Se debe reflejar la diversidad cultural del pa\u00eds y del mundo, para lo cual la programaci\u00f3n tendr\u00e1 que ser plural presentando diversas formas de pensar y proporcionando variedad de contenidos.<\/p>\n\n\n\n<h3 class=\"wp-block-heading\">CAPITULO VI<\/h3>\n\n\n\n<p>COBERTURA INFORMATIVA DE LA VIOLENCIA<br>\u2022 Los medios debemos condenar y rechazar la violencia motivada por la delincuencia organizada, enfatizar en el impacto negativo que tiene en la poblaci\u00f3n y fomentar la conciencia social en contra de la violencia.<br>\u2022 Evitar el lenguaje y la terminolog\u00eda empleados por los delincuentes.<br>\u2022 Abstenernos de usar inadecuadamente t\u00e9rminos jur\u00eddicos que compliquen la comprensi\u00f3n de los procesos judiciales en contra de la delincuencia organizada.<br>\u2022 Al informar sobre delitos, hechos presuntamente il\u00edcitos, manejar la informaci\u00f3n de forma que se procure impedir que los delincuentes o presuntos delincuentes se conviertan en v\u00edctimas o h\u00e9roes p\u00fablicos, pues esto les ayuda a construir una imagen favorable ante la poblaci\u00f3n, a convertir en<br>tolerables sus acciones e incluso, a ser imitados.<br>\u2022 Omitir y desechar informaci\u00f3n que provenga de los grupos criminales con prop\u00f3sitos<br>propagand\u00edsticos. No convertirse en instrumento o en parte de los conflictos entre grupos de la<br>delincuencia.<br>\u2022 La informaci\u00f3n que se difunda sobre el crimen organizado debe asignar a cada uno la<br>responsabilidad que tenga sobre los hechos de violencia.<br>\u2022 La informaci\u00f3n que los medios presentemos debe respetar los derechos de las v\u00edctimas y de los menores de edad involucrados en hechos de violencia. Nunca debe darse informaci\u00f3n que ponga en riesgo su identidad.<\/p>\n\n\n\n<h3 class=\"wp-block-heading\">CAPITULO VII<\/h3>\n\n\n\n<p>PROGRAMACI\u00d3N<br>\u2022 Este medio de comunicaci\u00f3n respetar\u00e1 en todo momento; elementos como la raza, la<br>nacionalidad, la religi\u00f3n, orientaci\u00f3n sexual, estado civil o discapacidad f\u00edsica o mental de todas las personas y s\u00f3lo har\u00e1n referencia a ellos cuando sean relevantes e indispensables para la claridad de las noticias y en la medida en que generen alg\u00fan valor para las audiencias. Se deber\u00e1n evitar los estereotipos.<br>\u2022 Se vigilar\u00e1 que tanto los contenidos sean propicios para el p\u00fablico receptor de acuerdo con el<br>horario<br>\u2022 En las transmisiones se evitar\u00e1 el uso de expresiones que tiendan a la discriminaci\u00f3n o que<br>tengan la intenci\u00f3n de ofender, de igual modo se tomar\u00e1 en cuenta al p\u00fablico al que va dirigido.<br>\u2022 Se respetar\u00e1 en todo momento el derecho al honor, a la intimidad o privacidad, en especial<br>cuando se trate de ni\u00f1os y adolescentes. Se considerar\u00e1 excepci\u00f3n a este principio los casos en que el comportamiento de un servidor p\u00fablico afecte el inter\u00e9s general o se trate de informaci\u00f3n de inter\u00e9s p\u00fablico.<\/p>\n\n\n\n<p>\u2022 Se observar\u00e1n, al menos, los criterios y est\u00e1ndares que resulten de la legislaci\u00f3n en materia de protecci\u00f3n de la infancia.<\/p>\n\n\n\n<h3 class=\"wp-block-heading\">CAPITULO VIII<\/h3>\n\n\n\n<p>DE LOS DERECHOS DE LAS AUDIENCIAS CON DISCAPACIDAD<br>Con el objeto de que exista una igualdad real de oportunidad, las audiencias con discapacidad<br>gozar\u00e1n de los siguientes derechos:<br>\u2022 A que se promueve el reconocimiento de sus capacidades, m\u00e9ritos y habilidades, as\u00ed como la<br>necesidad de su atenci\u00f3n y respeto.<br>\u2022 A contar con mecanismos que les den accesibilidad para expresar sus reclamaciones, sugerencias y quejas a los defensores de las audiencias, siempre y cuando no represente una carga desproporcionada o indebida al medio de comunicaci\u00f3n.<br>\u2022 Acceso a la gu\u00eda de programaci\u00f3n a trav\u00e9s de un n\u00famero telef\u00f3nico o de portales de Internet de la estaci\u00f3n radiof\u00f3nica en formatos accesibles para personas con discapacidad.<\/p>\n\n\n\n<h3 class=\"wp-block-heading\">CAPITULO IX<\/h3>\n\n\n\n<p>PROTECCI\u00d3N DE NI\u00d1AS, NI\u00d1OS Y ADOLESCENTES<br>Los Colaboradores, en materia de protecci\u00f3n de ni\u00f1as, ni\u00f1os y adolescentes se obligan a:<br>\u2022 Procurar difundir informaci\u00f3n y materiales que sean de inter\u00e9s social y cultural para ni\u00f1as, ni\u00f1os y adolescentes, de conformidad con los objetivos de educaci\u00f3n que dispone el art\u00edculo 3\u00b0 de la Constituci\u00f3n y la Convenci\u00f3n sobre los Derechos del Ni\u00f1o.<br>\u2022 Evitar la emisi\u00f3n de informaci\u00f3n contraria a los objetivos de educaci\u00f3n que dispone el art\u00edculo 3\u00b0<br>de la Constituci\u00f3n y la Convenci\u00f3n sobre los Derechos del Ni\u00f1o, y que sea perjudicial para su<br>bienestar o contraria con los principios de paz, no discriminaci\u00f3n y de respeto a todas las personas.<br>\u2022 Procurar difundir informaci\u00f3n y materiales que contribuyan a orientar a las ni\u00f1as, ni\u00f1os y<br>adolescentes en el ejercicio de sus derechos, les ayude a un sano desarrollo y a protegerse a s\u00ed<br>mismos de peligros que puedan afectar a su vida o su salud.<br>\u2022 Evitar la incitaci\u00f3n a los ni\u00f1os a la imitaci\u00f3n de comportamientos perjudiciales o peligrosos para la salud.<br>\u2022 Evitar la utilizaci\u00f3n de los conflictos personales y familiares como espect\u00e1culo.<br>\u2022 Sensibilizar con los problemas de la infancia a todos los profesionales relacionados con la<br>preparaci\u00f3n de la programaci\u00f3n.<br>\u2022 Fomentar que los presentadores o conductores de programas en vivo adviertan las situacione que puedan afectar a la protecci\u00f3n de ni\u00f1as, ni\u00f1os y adolescentes de forma que se minimicen los eventuales perjuicios que puedan causarles.<\/p>\n\n\n\n<p>\u2022 Propiciar el desarrollo arm\u00f3nico de la ni\u00f1ez.<br>\u2022 Proporcionar diversi\u00f3n y coadyuvar el proceso formativo en la infancia.<br>\u2022 La transmisi\u00f3n de programas y publicidad impropios para la ni\u00f1ez y la juventud, deber\u00e1n<br>anunciarse como tales al p\u00fablico en el momento de iniciar la transmisi\u00f3n respectiva.<\/p>\n\n\n\n<h3 class=\"wp-block-heading\">CAPITULO X<\/h3>\n\n\n\n<p>DEL DEFENSOR DE LA AUDIENCIA<br>El defensor de las audiencias funge como mediador y v\u00ednculo entre el p\u00fablico televidente o<br>radioescucha y de los medios de comunicaci\u00f3n, por lo que para el adecuado desempe\u00f1o de las<br>funciones que en los Estatutos se le otorgan, deber\u00e1 constre\u00f1irse a los principios y directrices<br>se\u00f1aladas en este C\u00f3digo.<\/p>\n<\/div>\n\n\n\n<p><\/p>","protected":false},"excerpt":{"rendered":"<p>XHSMA 92.1 C\u00f3digo de \u00c9tica CAP\u00cdTULO I OBJETOEl C\u00f3digo de \u00c9tica tiene como prop\u00f3sito establecer los principios, objetivos, valores, deberes yobligaciones que regir\u00e1n el actuar de La estaci\u00f3n de radio XHSMA-FM con la sociedad, mediante comportamientos responsables.En el presente C\u00f3digo de \u00c9tica se incorporan determinados lineamientos con el fin de prevenircomportamientos de los que se [&hellip;]<\/p>","protected":false},"author":1,"featured_media":0,"parent":0,"menu_order":0,"comment_status":"closed","ping_status":"closed","template":"","meta":{"_joinchat":[],"footnotes":""},"class_list":["post-377","page","type-page","status-publish","hentry"],"blocksy_meta":{"page_structure_type":"type-3","styles_descriptor":{"styles":{"desktop":"[data-prefix=\"single_page\"] {background-position:0% 0%;background-color:#ffffff;background-image:url(https:\/\/casa.cheverin.com\/wp-content\/uploads\/2025\/02\/hand-drawn-music-seamless-pattern_698782-524.avif);}","tablet":"","mobile":""},"google_fonts":[],"version":6},"background":{"background_type":"image","background_pattern":"type-1","background_image":{"attachment_id":386,"x":0,"y":0,"url":"https:\/\/casa.cheverin.com\/wp-content\/uploads\/2025\/02\/hand-drawn-music-seamless-pattern_698782-524.avif"},"gradient":"linear-gradient(135deg,rgba(6,147,227,1) 0%,rgb(155,81,224) 100%)","background_repeat":"repeat","background_size":"auto","background_attachment":"scroll","patternColor":{"default":{"color":"#e5e7ea"}},"overlayColor":{"default":{"color":"CT_CSS_SKIP_RULE"}},"backgroundColor":{"default":{"color":"#ffffff"}}},"has_hero_section":"disabled"},"_links":{"self":[{"href":"https:\/\/casa.cheverin.com\/en\/wp-json\/wp\/v2\/pages\/377","targetHints":{"allow":["GET"]}}],"collection":[{"href":"https:\/\/casa.cheverin.com\/en\/wp-json\/wp\/v2\/pages"}],"about":[{"href":"https:\/\/casa.cheverin.com\/en\/wp-json\/wp\/v2\/types\/page"}],"author":[{"embeddable":true,"href":"https:\/\/casa.cheverin.com\/en\/wp-json\/wp\/v2\/users\/1"}],"replies":[{"embeddable":true,"href":"https:\/\/casa.cheverin.com\/en\/wp-json\/wp\/v2\/comments?post=377"}],"version-history":[{"count":7,"href":"https:\/\/casa.cheverin.com\/en\/wp-json\/wp\/v2\/pages\/377\/revisions"}],"predecessor-version":[{"id":391,"href":"https:\/\/casa.cheverin.com\/en\/wp-json\/wp\/v2\/pages\/377\/revisions\/391"}],"wp:attachment":[{"href":"https:\/\/casa.cheverin.com\/en\/wp-json\/wp\/v2\/media?parent=377"}],"curies":[{"name":"wp","href":"https:\/\/api.w.org\/{rel}","templated":true}]}}