{"id":275,"date":"2025-02-21T14:34:26","date_gmt":"2025-02-21T13:34:26","guid":{"rendered":"https:\/\/casa.cheverin.com\/?page_id=275"},"modified":"2025-02-27T23:27:27","modified_gmt":"2025-02-27T22:27:27","slug":"centro-elegir","status":"publish","type":"page","link":"https:\/\/casa.cheverin.com\/en\/programas\/centro-elegir\/","title":{"rendered":"Centro ELEGIR"},"content":{"rendered":"<div class=\"wp-block-group has-border-color has-white-background-color has-background has-medium-font-size is-layout-grid wp-container-core-group-is-layout-2 wp-block-group-is-layout-grid\" style=\"border-color:#5e53db;border-width:2px\">\n<div class=\"wp-block-group is-layout-constrained wp-block-group-is-layout-constrained\">\n<figure class=\"wp-block-image aligncenter size-large is-resized\"><img fetchpriority=\"high\" decoding=\"async\" width=\"1024\" height=\"500\" src=\"https:\/\/casa.cheverin.com\/wp-content\/uploads\/2025\/02\/C.-Elegir-1024x500.png\" alt=\"\" class=\"wp-image-498\" style=\"width:283px;height:auto\" srcset=\"https:\/\/casa.cheverin.com\/wp-content\/uploads\/2025\/02\/C.-Elegir-1024x500.png 1024w, https:\/\/casa.cheverin.com\/wp-content\/uploads\/2025\/02\/C.-Elegir-300x147.png 300w, https:\/\/casa.cheverin.com\/wp-content\/uploads\/2025\/02\/C.-Elegir-768x375.png 768w, https:\/\/casa.cheverin.com\/wp-content\/uploads\/2025\/02\/C.-Elegir-1536x751.png 1536w, https:\/\/casa.cheverin.com\/wp-content\/uploads\/2025\/02\/C.-Elegir-18x9.png 18w, https:\/\/casa.cheverin.com\/wp-content\/uploads\/2025\/02\/C.-Elegir.png 2028w\" sizes=\"(max-width: 1024px) 100vw, 1024px\" \/><\/figure>\n\n\n\n<h2 class=\"wp-block-heading has-text-align-center\">Psic\u00f3logas Profesionales<\/h2>\n\n\n\n<!-- Principio del widget de enlace de Calendly -->\n<link href=\"https:\/\/assets.calendly.com\/assets\/external\/widget.css\" rel=\"stylesheet\">\n<script src=\"https:\/\/assets.calendly.com\/assets\/external\/widget.js\" type=\"text\/javascript\" async><\/script>\n<a style=\"color:#e21868; text-align:center; display: flex; justify-content:center;\" href=\"\" onclick=\"Calendly.initPopupWidget({url: 'https:\/\/calendly.com\/elegir-casa\/50min'});return false;\">Agendar una cita<\/a>\n<!-- Final del widget de enlace de Calendly -->\n\n\n\n<p class=\"has-text-align-center\">Creemos en el derecho de todos a una buena salud mental y una vida libre de violencia.<\/p>\n\n\n\n<p class=\"has-text-align-center\">Ofrecemos servicios de psicolog\u00eda con una <strong>cuota de recuperaci\u00f3n econ\u00f3mica<\/strong>.<\/p>\n<\/div>\n\n\n\n<figure class=\"wp-block-image size-large\"><img decoding=\"async\" width=\"1024\" height=\"683\" src=\"https:\/\/casa.cheverin.com\/wp-content\/uploads\/2025\/02\/DSC_8225-1536x1024-1-1024x683.jpg\" alt=\"\" class=\"wp-image-500\" style=\"aspect-ratio:4\/3;object-fit:cover\" srcset=\"https:\/\/casa.cheverin.com\/wp-content\/uploads\/2025\/02\/DSC_8225-1536x1024-1-1024x683.jpg 1024w, https:\/\/casa.cheverin.com\/wp-content\/uploads\/2025\/02\/DSC_8225-1536x1024-1-300x200.jpg 300w, https:\/\/casa.cheverin.com\/wp-content\/uploads\/2025\/02\/DSC_8225-1536x1024-1-768x512.jpg 768w, https:\/\/casa.cheverin.com\/wp-content\/uploads\/2025\/02\/DSC_8225-1536x1024-1-18x12.jpg 18w, https:\/\/casa.cheverin.com\/wp-content\/uploads\/2025\/02\/DSC_8225-1536x1024-1.jpg 1536w\" sizes=\"(max-width: 1024px) 100vw, 1024px\" \/><\/figure>\n<\/div>\n\n\n\n<div class=\"wp-block-group is-layout-grid wp-container-core-group-is-layout-7 wp-block-group-is-layout-grid\">\n<div class=\"wp-block-group has-border-color has-white-background-color has-background is-vertical is-layout-flex wp-container-core-group-is-layout-3 wp-block-group-is-layout-flex\" style=\"border-color:#5e53db;border-style:solid;border-width:2px;background-image:url(&#039;https:\/\/casa.cheverin.com\/wp-content\/uploads\/2025\/02\/envato-labs-image-edit-6-e1740505210742.png&#039;);background-position:49% 100%;background-repeat:no-repeat;background-size:contain;\">\n<h3 class=\"wp-block-heading\">L\u00ednea de emergencia<\/h3>\n\n\n\n<p><strong>(415) 124 69 90<\/strong> disponible 24 horas del d\u00eda los 7 d\u00edas de la semana para apoyo a psicol\u00f3gico gratuito.<\/p>\n\n\n\n<div style=\"height:49px\" aria-hidden=\"true\" class=\"wp-block-spacer wp-container-content-1\"><\/div>\n\n\n\n<div style=\"height:154px\" aria-hidden=\"true\" class=\"wp-block-spacer wp-container-content-2\"><\/div>\n<\/div>\n\n\n\n<div class=\"wp-block-group has-border-color has-white-background-color has-background is-vertical is-layout-flex wp-container-core-group-is-layout-4 wp-block-group-is-layout-flex\" style=\"border-color:#5e53db;border-style:solid;border-width:2px;background-image:url(&#039;https:\/\/casa.cheverin.com\/wp-content\/uploads\/2025\/02\/envato-labs-image-edit-7.png&#039;);background-position:49% 100%;background-repeat:no-repeat;background-size:contain;\">\n<h3 class=\"wp-block-heading\">Terapia Psicol\u00f3gica<\/h3>\n\n\n\n<p>Para toda la poblaci\u00f3n en diferentes situaciones,<br>(dificultades con los hijos, sentimientos de depresi\u00f3n, angustia constante, etc.)<\/p>\n\n\n\n<div style=\"height:154px\" aria-hidden=\"true\" class=\"wp-block-spacer wp-container-content-3\"><\/div>\n<\/div>\n\n\n\n<div class=\"wp-block-group has-border-color has-white-background-color has-background is-vertical is-layout-flex wp-container-core-group-is-layout-5 wp-block-group-is-layout-flex\" style=\"border-color:#5e53db;border-style:solid;border-width:2px;background-image:url(&#039;https:\/\/casa.cheverin.com\/wp-content\/uploads\/2025\/02\/envato-labs-image-edit-8-e1740503099555.png&#039;);background-position:49% 100%;background-repeat:no-repeat;background-size:contain;\">\n<h3 class=\"wp-block-heading\">Horarios de atenci\u00f3n<\/h3>\n\n\n\n<ul class=\"wp-block-list\">\n<li>Lunes a viernes de 9:00 a.m. a 5:00 p.m.<\/li>\n\n\n\n<li>S\u00e1bados de 10 am a las 7 pm. <\/li>\n\n\n\n<li>Importante agendar citas po whatsapp o llamada: 415 170 64 88 <\/li>\n<\/ul>\n\n\n\n<div style=\"height:154px\" aria-hidden=\"true\" class=\"wp-block-spacer wp-container-content-4\"><\/div>\n<\/div>\n\n\n\n<div class=\"wp-block-group has-border-color has-white-background-color has-background is-vertical is-layout-flex wp-container-core-group-is-layout-6 wp-block-group-is-layout-flex\" style=\"border-color:#5e53db;border-style:solid;border-width:2px;background-image:url(&#039;https:\/\/casa.cheverin.com\/wp-content\/uploads\/2025\/02\/manual-violencia.png&#039;);background-position:49% 100%;background-repeat:no-repeat;background-size:contain;\">\n<h3 class=\"wp-block-heading\">Gu\u00eda para denunciar<\/h3>\n\n\n\n<p>En caso de violencia intrafamiliar y sexual.<\/p>\n\n\n\n<div class=\"wp-block-buttons is-layout-flex wp-block-buttons-is-layout-flex\">\n<div class=\"wp-block-button\"><a class=\"wp-block-button__link has-background wp-element-button\" href=\"https:\/\/casa.cheverin.com\/wp-content\/uploads\/2025\/02\/GUIA-PARA-DENUNCIAR-EN-CASO-DE-VIOLENCIA-INTRAFAMILIAR-Y-SEXUAL.pdf\" style=\"background-color:#5e53db\">Descargar PDF<\/a><\/div>\n<\/div>\n\n\n\n<div style=\"height:154px\" aria-hidden=\"true\" class=\"wp-block-spacer wp-container-content-5\"><\/div>\n\n\n\n<p><\/p>\n<\/div>\n<\/div>\n\n\n\n<div class=\"wp-block-group has-border-color has-white-background-color has-background is-layout-constrained wp-block-group-is-layout-constrained\" style=\"border-color:#5e53db;border-width:2px\">\n<figure class=\"wp-block-gallery has-nested-images columns-default is-cropped wp-block-gallery-1 is-layout-flex wp-block-gallery-is-layout-flex\">\n<figure class=\"wp-block-image size-large\"><img decoding=\"async\" width=\"1024\" height=\"768\" src=\"https:\/\/casa.cheverin.com\/wp-content\/uploads\/2025\/02\/IMG_9763-1024x768.jpg\" alt=\"\" class=\"wp-image-530\" srcset=\"https:\/\/casa.cheverin.com\/wp-content\/uploads\/2025\/02\/IMG_9763-1024x768.jpg 1024w, https:\/\/casa.cheverin.com\/wp-content\/uploads\/2025\/02\/IMG_9763-300x225.jpg 300w, https:\/\/casa.cheverin.com\/wp-content\/uploads\/2025\/02\/IMG_9763-768x576.jpg 768w, https:\/\/casa.cheverin.com\/wp-content\/uploads\/2025\/02\/IMG_9763-1536x1152.jpg 1536w, https:\/\/casa.cheverin.com\/wp-content\/uploads\/2025\/02\/IMG_9763-2048x1536.jpg 2048w, https:\/\/casa.cheverin.com\/wp-content\/uploads\/2025\/02\/IMG_9763-16x12.jpg 16w\" sizes=\"(max-width: 1024px) 100vw, 1024px\" \/><\/figure>\n\n\n\n<figure class=\"wp-block-image size-large\"><img loading=\"lazy\" decoding=\"async\" width=\"1024\" height=\"768\" src=\"https:\/\/casa.cheverin.com\/wp-content\/uploads\/2025\/02\/IMG_8423-1024x768.jpg\" alt=\"\" class=\"wp-image-529\" srcset=\"https:\/\/casa.cheverin.com\/wp-content\/uploads\/2025\/02\/IMG_8423-1024x768.jpg 1024w, https:\/\/casa.cheverin.com\/wp-content\/uploads\/2025\/02\/IMG_8423-300x225.jpg 300w, https:\/\/casa.cheverin.com\/wp-content\/uploads\/2025\/02\/IMG_8423-768x576.jpg 768w, https:\/\/casa.cheverin.com\/wp-content\/uploads\/2025\/02\/IMG_8423-1536x1152.jpg 1536w, https:\/\/casa.cheverin.com\/wp-content\/uploads\/2025\/02\/IMG_8423-2048x1536.jpg 2048w, https:\/\/casa.cheverin.com\/wp-content\/uploads\/2025\/02\/IMG_8423-16x12.jpg 16w\" sizes=\"(max-width: 1024px) 100vw, 1024px\" \/><\/figure>\n\n\n\n<figure class=\"wp-block-image size-large\"><img loading=\"lazy\" decoding=\"async\" width=\"1024\" height=\"768\" src=\"https:\/\/casa.cheverin.com\/wp-content\/uploads\/2025\/02\/IMG_6807-1024x768.jpg\" alt=\"\" class=\"wp-image-528\" srcset=\"https:\/\/casa.cheverin.com\/wp-content\/uploads\/2025\/02\/IMG_6807-1024x768.jpg 1024w, https:\/\/casa.cheverin.com\/wp-content\/uploads\/2025\/02\/IMG_6807-300x225.jpg 300w, https:\/\/casa.cheverin.com\/wp-content\/uploads\/2025\/02\/IMG_6807-768x576.jpg 768w, https:\/\/casa.cheverin.com\/wp-content\/uploads\/2025\/02\/IMG_6807-1536x1152.jpg 1536w, https:\/\/casa.cheverin.com\/wp-content\/uploads\/2025\/02\/IMG_6807-2048x1536.jpg 2048w, https:\/\/casa.cheverin.com\/wp-content\/uploads\/2025\/02\/IMG_6807-16x12.jpg 16w\" sizes=\"(max-width: 1024px) 100vw, 1024px\" \/><\/figure>\n\n\n\n<figure class=\"wp-block-image size-large\"><img loading=\"lazy\" decoding=\"async\" width=\"1024\" height=\"768\" src=\"https:\/\/casa.cheverin.com\/wp-content\/uploads\/2025\/02\/IMG_6665-1024x768.jpg\" alt=\"\" class=\"wp-image-527\" srcset=\"https:\/\/casa.cheverin.com\/wp-content\/uploads\/2025\/02\/IMG_6665-1024x768.jpg 1024w, https:\/\/casa.cheverin.com\/wp-content\/uploads\/2025\/02\/IMG_6665-300x225.jpg 300w, https:\/\/casa.cheverin.com\/wp-content\/uploads\/2025\/02\/IMG_6665-768x576.jpg 768w, https:\/\/casa.cheverin.com\/wp-content\/uploads\/2025\/02\/IMG_6665-1536x1152.jpg 1536w, https:\/\/casa.cheverin.com\/wp-content\/uploads\/2025\/02\/IMG_6665-2048x1536.jpg 2048w, https:\/\/casa.cheverin.com\/wp-content\/uploads\/2025\/02\/IMG_6665-16x12.jpg 16w\" sizes=\"(max-width: 1024px) 100vw, 1024px\" \/><\/figure>\n\n\n\n<figure class=\"wp-block-image size-large\"><img loading=\"lazy\" decoding=\"async\" width=\"1024\" height=\"768\" src=\"https:\/\/casa.cheverin.com\/wp-content\/uploads\/2025\/02\/IMG_6127-1024x768.jpg\" alt=\"\" class=\"wp-image-526\" srcset=\"https:\/\/casa.cheverin.com\/wp-content\/uploads\/2025\/02\/IMG_6127-1024x768.jpg 1024w, https:\/\/casa.cheverin.com\/wp-content\/uploads\/2025\/02\/IMG_6127-300x225.jpg 300w, https:\/\/casa.cheverin.com\/wp-content\/uploads\/2025\/02\/IMG_6127-768x576.jpg 768w, https:\/\/casa.cheverin.com\/wp-content\/uploads\/2025\/02\/IMG_6127-1536x1152.jpg 1536w, https:\/\/casa.cheverin.com\/wp-content\/uploads\/2025\/02\/IMG_6127-2048x1536.jpg 2048w, https:\/\/casa.cheverin.com\/wp-content\/uploads\/2025\/02\/IMG_6127-16x12.jpg 16w\" sizes=\"(max-width: 1024px) 100vw, 1024px\" \/><\/figure>\n\n\n\n<figure class=\"wp-block-image size-large\"><img loading=\"lazy\" decoding=\"async\" width=\"1024\" height=\"473\" src=\"https:\/\/casa.cheverin.com\/wp-content\/uploads\/2025\/02\/dbed7928-b629-42f9-926b-1d2297814b40-1024x473.jpg\" alt=\"\" class=\"wp-image-525\" srcset=\"https:\/\/casa.cheverin.com\/wp-content\/uploads\/2025\/02\/dbed7928-b629-42f9-926b-1d2297814b40-1024x473.jpg 1024w, https:\/\/casa.cheverin.com\/wp-content\/uploads\/2025\/02\/dbed7928-b629-42f9-926b-1d2297814b40-300x139.jpg 300w, https:\/\/casa.cheverin.com\/wp-content\/uploads\/2025\/02\/dbed7928-b629-42f9-926b-1d2297814b40-768x355.jpg 768w, https:\/\/casa.cheverin.com\/wp-content\/uploads\/2025\/02\/dbed7928-b629-42f9-926b-1d2297814b40-1536x709.jpg 1536w, https:\/\/casa.cheverin.com\/wp-content\/uploads\/2025\/02\/dbed7928-b629-42f9-926b-1d2297814b40-18x8.jpg 18w, https:\/\/casa.cheverin.com\/wp-content\/uploads\/2025\/02\/dbed7928-b629-42f9-926b-1d2297814b40.jpg 1600w\" sizes=\"(max-width: 1024px) 100vw, 1024px\" \/><\/figure>\n\n\n\n<figure class=\"wp-block-image size-large\"><img loading=\"lazy\" decoding=\"async\" width=\"1024\" height=\"768\" src=\"https:\/\/casa.cheverin.com\/wp-content\/uploads\/2025\/02\/b57ad3b7-bd31-4013-890e-6f47a298fe58-1024x768.jpg\" alt=\"\" class=\"wp-image-524\" srcset=\"https:\/\/casa.cheverin.com\/wp-content\/uploads\/2025\/02\/b57ad3b7-bd31-4013-890e-6f47a298fe58-1024x768.jpg 1024w, https:\/\/casa.cheverin.com\/wp-content\/uploads\/2025\/02\/b57ad3b7-bd31-4013-890e-6f47a298fe58-300x225.jpg 300w, https:\/\/casa.cheverin.com\/wp-content\/uploads\/2025\/02\/b57ad3b7-bd31-4013-890e-6f47a298fe58-768x576.jpg 768w, https:\/\/casa.cheverin.com\/wp-content\/uploads\/2025\/02\/b57ad3b7-bd31-4013-890e-6f47a298fe58-1536x1152.jpg 1536w, https:\/\/casa.cheverin.com\/wp-content\/uploads\/2025\/02\/b57ad3b7-bd31-4013-890e-6f47a298fe58-16x12.jpg 16w, https:\/\/casa.cheverin.com\/wp-content\/uploads\/2025\/02\/b57ad3b7-bd31-4013-890e-6f47a298fe58.jpg 1600w\" sizes=\"(max-width: 1024px) 100vw, 1024px\" \/><\/figure>\n\n\n\n<figure class=\"wp-block-image size-large\"><img loading=\"lazy\" decoding=\"async\" width=\"1024\" height=\"768\" src=\"https:\/\/casa.cheverin.com\/wp-content\/uploads\/2025\/02\/23e05585-b204-42ad-8edc-f3f71a4e63ea-1024x768.jpg\" alt=\"\" class=\"wp-image-523\" srcset=\"https:\/\/casa.cheverin.com\/wp-content\/uploads\/2025\/02\/23e05585-b204-42ad-8edc-f3f71a4e63ea-1024x768.jpg 1024w, https:\/\/casa.cheverin.com\/wp-content\/uploads\/2025\/02\/23e05585-b204-42ad-8edc-f3f71a4e63ea-300x225.jpg 300w, https:\/\/casa.cheverin.com\/wp-content\/uploads\/2025\/02\/23e05585-b204-42ad-8edc-f3f71a4e63ea-768x576.jpg 768w, https:\/\/casa.cheverin.com\/wp-content\/uploads\/2025\/02\/23e05585-b204-42ad-8edc-f3f71a4e63ea-1536x1152.jpg 1536w, https:\/\/casa.cheverin.com\/wp-content\/uploads\/2025\/02\/23e05585-b204-42ad-8edc-f3f71a4e63ea-16x12.jpg 16w, https:\/\/casa.cheverin.com\/wp-content\/uploads\/2025\/02\/23e05585-b204-42ad-8edc-f3f71a4e63ea.jpg 1600w\" sizes=\"(max-width: 1024px) 100vw, 1024px\" \/><\/figure>\n<\/figure>\n<\/div>\n\n\n\n<div class=\"wp-block-group has-border-color has-white-background-color has-background is-layout-grid wp-container-core-group-is-layout-10 wp-block-group-is-layout-grid\" style=\"border-color:#5e53db;border-style:solid;border-width:2px\">\n<figure class=\"wp-block-image size-large wp-container-content-6\"><img loading=\"lazy\" decoding=\"async\" width=\"1024\" height=\"432\" src=\"https:\/\/casa.cheverin.com\/wp-content\/uploads\/2025\/02\/envato-labs-image-edit-6-2-1024x432.png\" alt=\"\" class=\"wp-image-544\" srcset=\"https:\/\/casa.cheverin.com\/wp-content\/uploads\/2025\/02\/envato-labs-image-edit-6-2-1024x432.png 1024w, https:\/\/casa.cheverin.com\/wp-content\/uploads\/2025\/02\/envato-labs-image-edit-6-2-300x127.png 300w, https:\/\/casa.cheverin.com\/wp-content\/uploads\/2025\/02\/envato-labs-image-edit-6-2-768x324.png 768w, https:\/\/casa.cheverin.com\/wp-content\/uploads\/2025\/02\/envato-labs-image-edit-6-2-18x8.png 18w, https:\/\/casa.cheverin.com\/wp-content\/uploads\/2025\/02\/envato-labs-image-edit-6-2.png 1483w\" sizes=\"(max-width: 1024px) 100vw, 1024px\" \/><\/figure>\n\n\n\n<div class=\"wp-block-group is-vertical is-layout-flex wp-container-core-group-is-layout-9 wp-block-group-is-layout-flex\">\n<h3 class=\"wp-block-heading\">Tipos de violencia<\/h3>\n\n\n\n<p>\u00bfSab\u00edas qu\u00e9 seg\u00fan las estad\u00edsticas mundiales, 1 de cada 3 mujeres en el mundo ha sufrido violencia f\u00edsica o sexual por parte de su pareja o expareja (ONU).?<\/p>\n\n\n\n<div class=\"wp-block-buttons is-layout-flex wp-block-buttons-is-layout-flex\">\n<div class=\"wp-block-button\"><a class=\"wp-block-button__link has-background wp-element-button\" href=\"https:\/\/casa.cheverin.com\/en\/tipos-de-violencia\/\" style=\"background-color:#5e53db\">Ver m\u00e1s informaci\u00f3n<\/a><\/div>\n<\/div>\n<\/div>\n<\/div>\n\n\n\n<div class=\"wp-block-group is-layout-constrained wp-block-group-is-layout-constrained\">\n<!-- Principio del widget integrado de Calendly -->\n<div class=\"calendly-inline-widget\" data-url=\"https:\/\/calendly.com\/elegir-casa\/50min\" style=\"min-width:320px;height:700px;\"><\/div>\n<script type=\"text\/javascript\" src=\"https:\/\/assets.calendly.com\/assets\/external\/widget.js\" async><\/script>\n<!-- Final del widget integrado de Calendly -->\n<\/div>\n\n\n\n<p><\/p>","protected":false},"excerpt":{"rendered":"<p>Psic\u00f3logas Profesionales Agendar una cita Creemos en el derecho de todos a una buena salud mental y una vida libre de violencia. Ofrecemos servicios de psicolog\u00eda con una cuota de recuperaci\u00f3n econ\u00f3mica. L\u00ednea de emergencia (415) 124 69 90 disponible 24 horas del d\u00eda los 7 d\u00edas de la semana para apoyo a psicol\u00f3gico gratuito. [&hellip;]<\/p>","protected":false},"author":1,"featured_media":0,"parent":269,"menu_order":0,"comment_status":"closed","ping_status":"closed","template":"","meta":{"_joinchat":[],"footnotes":""},"class_list":["post-275","page","type-page","status-publish","hentry"],"blocksy_meta":{"has_hero_section":"disabled","background":{"background_type":"image","background_pattern":"type-1","background_image":{"attachment_id":644,"x":0.05,"y":0.02,"url":"https:\/\/casa.cheverin.com\/wp-content\/uploads\/2025\/02\/v960-ning-05-1024x683.jpg"},"gradient":"linear-gradient(135deg,rgba(6,147,227,1) 0%,rgb(155,81,224) 100%)","background_repeat":"no-repeat","background_size":"cover","background_attachment":"fixed","patternColor":{"default":{"color":"#e5e7ea"}},"overlayColor":{"default":{"color":"CT_CSS_SKIP_RULE"}},"backgroundColor":{"default":{"color":"#ffffff"}}},"styles_descriptor":{"styles":{"desktop":"[data-prefix=\"single_page\"] {background-position:5% 2%;background-size:cover;background-attachment:fixed;background-repeat:no-repeat;background-color:#ffffff;background-image:url(https:\/\/casa.cheverin.com\/wp-content\/uploads\/2025\/02\/v960-ning-05-scaled.jpg);}","tablet":"","mobile":""},"google_fonts":[],"version":6}},"_links":{"self":[{"href":"https:\/\/casa.cheverin.com\/en\/wp-json\/wp\/v2\/pages\/275","targetHints":{"allow":["GET"]}}],"collection":[{"href":"https:\/\/casa.cheverin.com\/en\/wp-json\/wp\/v2\/pages"}],"about":[{"href":"https:\/\/casa.cheverin.com\/en\/wp-json\/wp\/v2\/types\/page"}],"author":[{"embeddable":true,"href":"https:\/\/casa.cheverin.com\/en\/wp-json\/wp\/v2\/users\/1"}],"replies":[{"embeddable":true,"href":"https:\/\/casa.cheverin.com\/en\/wp-json\/wp\/v2\/comments?post=275"}],"version-history":[{"count":29,"href":"https:\/\/casa.cheverin.com\/en\/wp-json\/wp\/v2\/pages\/275\/revisions"}],"predecessor-version":[{"id":647,"href":"https:\/\/casa.cheverin.com\/en\/wp-json\/wp\/v2\/pages\/275\/revisions\/647"}],"up":[{"embeddable":true,"href":"https:\/\/casa.cheverin.com\/en\/wp-json\/wp\/v2\/pages\/269"}],"wp:attachment":[{"href":"https:\/\/casa.cheverin.com\/en\/wp-json\/wp\/v2\/media?parent=275"}],"curies":[{"name":"wp","href":"https:\/\/api.w.org\/{rel}","templated":true}]}}