{"id":267,"date":"2025-02-21T14:32:08","date_gmt":"2025-02-21T13:32:08","guid":{"rendered":"https:\/\/casa.cheverin.com\/?page_id=267"},"modified":"2025-02-25T16:49:20","modified_gmt":"2025-02-25T15:49:20","slug":"campus-virtual","status":"publish","type":"page","link":"https:\/\/casa.cheverin.com\/en\/campus-virtual\/","title":{"rendered":"Campus Virtual"},"content":{"rendered":"<div class=\"wp-block-media-text is-stacked-on-mobile has-border-color has-vivid-cyan-blue-border-color has-background\" style=\"border-style:dotted;background-color:#ecfafe;padding-top:var(--wp--preset--spacing--50);padding-bottom:var(--wp--preset--spacing--50);grid-template-columns:35% auto\"><figure class=\"wp-block-media-text__media\"><img fetchpriority=\"high\" decoding=\"async\" width=\"1024\" height=\"700\" src=\"https:\/\/casa.cheverin.com\/wp-content\/uploads\/2025\/02\/f8953c3e-23ef-4bea-83b7-ca431dea2cf0-1024x700.webp\" alt=\"\" class=\"wp-image-425 size-full\" srcset=\"https:\/\/casa.cheverin.com\/wp-content\/uploads\/2025\/02\/f8953c3e-23ef-4bea-83b7-ca431dea2cf0-1024x700.webp 1024w, https:\/\/casa.cheverin.com\/wp-content\/uploads\/2025\/02\/f8953c3e-23ef-4bea-83b7-ca431dea2cf0-300x205.webp 300w, https:\/\/casa.cheverin.com\/wp-content\/uploads\/2025\/02\/f8953c3e-23ef-4bea-83b7-ca431dea2cf0-768x525.webp 768w, https:\/\/casa.cheverin.com\/wp-content\/uploads\/2025\/02\/f8953c3e-23ef-4bea-83b7-ca431dea2cf0-1536x1050.webp 1536w, https:\/\/casa.cheverin.com\/wp-content\/uploads\/2025\/02\/f8953c3e-23ef-4bea-83b7-ca431dea2cf0-2048x1400.webp 2048w, https:\/\/casa.cheverin.com\/wp-content\/uploads\/2025\/02\/f8953c3e-23ef-4bea-83b7-ca431dea2cf0-18x12.webp 18w\" sizes=\"(max-width: 1024px) 100vw, 1024px\" \/><\/figure><div class=\"wp-block-media-text__content\">\n<h1 class=\"wp-block-heading has-x-large-font-size\">Campus Virtual<\/h1>\n\n\n\n<p>Plataforma gratuita y abierta para todo el p\u00fablico que quiera aprender sobre salud sexual y parter\u00eda.<\/p>\n\n\n\n<div class=\"wp-block-buttons is-layout-flex wp-block-buttons-is-layout-flex\">\n<div class=\"wp-block-button\"><a class=\"wp-block-button__link wp-element-button\" href=\"https:\/\/lms.casa.org.mx\/\">Ingresar<\/a><\/div>\n\n\n\n<div class=\"wp-block-button is-style-outline is-style-outline--1\"><a class=\"wp-block-button__link wp-element-button\" href=\"https:\/\/lms.casa.org.mx\/main\/auth\/inscription.php\">Registrarse<\/a><\/div>\n<\/div>\n<\/div><\/div>\n\n\n\n<div class=\"wp-block-media-text alignwide is-stacked-on-mobile has-border-color has-vivid-cyan-blue-border-color has-background\" style=\"border-style:dotted;background-color:#ecfafe\"><figure class=\"wp-block-media-text__media\"><img decoding=\"async\" width=\"1024\" height=\"683\" src=\"https:\/\/casa.cheverin.com\/wp-content\/uploads\/2025\/02\/MG_1074-scaled-1-1024x683.jpg\" alt=\"\" class=\"wp-image-451 size-full\" srcset=\"https:\/\/casa.cheverin.com\/wp-content\/uploads\/2025\/02\/MG_1074-scaled-1-1024x683.jpg 1024w, https:\/\/casa.cheverin.com\/wp-content\/uploads\/2025\/02\/MG_1074-scaled-1-300x200.jpg 300w, https:\/\/casa.cheverin.com\/wp-content\/uploads\/2025\/02\/MG_1074-scaled-1-768x512.jpg 768w, https:\/\/casa.cheverin.com\/wp-content\/uploads\/2025\/02\/MG_1074-scaled-1-1536x1024.jpg 1536w, https:\/\/casa.cheverin.com\/wp-content\/uploads\/2025\/02\/MG_1074-scaled-1-2048x1366.jpg 2048w, https:\/\/casa.cheverin.com\/wp-content\/uploads\/2025\/02\/MG_1074-scaled-1-18x12.jpg 18w\" sizes=\"(max-width: 1024px) 100vw, 1024px\" \/><\/figure><div class=\"wp-block-media-text__content\">\n<h3 class=\"wp-block-heading\">\u00bfQu\u00e9 es el Campus Virtual?<\/h3>\n\n\n\n<p>Es una plataforma gratuita y abierta para todo el p\u00fablico que empez\u00f3 a funcionar en septiembre 2014 con el prop\u00f3sito de mejorar las competencias y las pr\u00e1cticas de la salud p\u00fablica, mediante el aprovechamiento y la innovaci\u00f3n en el uso de las tecnolog\u00edas de informaci\u00f3n y comunicaci\u00f3n (TIC\u00b4s).<\/p>\n\n\n\n<p>El curso est\u00e1 aprobado por el Centro Nacional de Equidad de G\u00e9nero y Salud Reproductiva (CNEGySR), Direcci\u00f3n General de Calidad y Educaci\u00f3n en Salud (DGCES) de la Secretar\u00eda de Salud y por la Organizaci\u00f3n Panamericana de la Salud, (OPS) y est\u00e1 subido al Campus Virtual de Salud P\u00fablica de OPS, Nodo M\u00e9xico.<\/p>\n<\/div><\/div>\n\n\n\n<div class=\"wp-block-media-text alignwide is-stacked-on-mobile has-border-color has-vivid-cyan-blue-border-color has-background\" style=\"border-style:dotted;background-color:#ecfafe\"><figure class=\"wp-block-media-text__media\"><img decoding=\"async\" width=\"1024\" height=\"576\" src=\"https:\/\/casa.cheverin.com\/wp-content\/uploads\/2025\/02\/Tlaquilpa-3-12-Sept-scaled-1-1024x576.jpg\" alt=\"\" class=\"wp-image-437 size-full\" srcset=\"https:\/\/casa.cheverin.com\/wp-content\/uploads\/2025\/02\/Tlaquilpa-3-12-Sept-scaled-1-1024x576.jpg 1024w, https:\/\/casa.cheverin.com\/wp-content\/uploads\/2025\/02\/Tlaquilpa-3-12-Sept-scaled-1-300x169.jpg 300w, https:\/\/casa.cheverin.com\/wp-content\/uploads\/2025\/02\/Tlaquilpa-3-12-Sept-scaled-1-768x432.jpg 768w, https:\/\/casa.cheverin.com\/wp-content\/uploads\/2025\/02\/Tlaquilpa-3-12-Sept-scaled-1-1536x864.jpg 1536w, https:\/\/casa.cheverin.com\/wp-content\/uploads\/2025\/02\/Tlaquilpa-3-12-Sept-scaled-1-2048x1152.jpg 2048w, https:\/\/casa.cheverin.com\/wp-content\/uploads\/2025\/02\/Tlaquilpa-3-12-Sept-scaled-1-18x10.jpg 18w\" sizes=\"(max-width: 1024px) 100vw, 1024px\" \/><\/figure><div class=\"wp-block-media-text__content\">\n<h3 class=\"wp-block-heading\">Objetivo<\/h3>\n\n\n\n<p>Difundir la parter\u00eda profesional a trav\u00e9s del uso de plataformas virtuales y sensibilizar a proveedores de salud respecto de sus funciones y habilidades para lograr la inclusi\u00f3n de las parteras al equipo interdisciplinario de salud.<\/p>\n<\/div><\/div>\n\n\n\n<div class=\"wp-block-group is-layout-grid wp-container-core-group-is-layout-5 wp-block-group-is-layout-grid\">\n<div class=\"wp-block-group has-border-color has-vivid-cyan-blue-border-color has-background is-vertical is-layout-flex wp-container-core-group-is-layout-1 wp-block-group-is-layout-flex\" style=\"border-style:dotted;background-color:#ecfafe;background-image:url(&#039;https:\/\/casa.cheverin.com\/wp-content\/uploads\/2025\/02\/envato-labs-image-edit-2.png&#039;);background-position:50% 100%;background-repeat:no-repeat;background-size:contain;\">\n<h3 class=\"wp-block-heading\">P\u00fablico Meta<\/h3>\n\n\n\n<p>Proveedores de salud y estudiantes de parter\u00eda dentro de un marco de Derechos Humanos con \u00e9nfasis en la justicia reproductiva.<\/p>\n\n\n\n<div style=\"height:125px\" aria-hidden=\"true\" class=\"wp-block-spacer wp-container-content-1\"><\/div>\n<\/div>\n\n\n\n<div class=\"wp-block-group has-border-color has-vivid-cyan-blue-border-color has-background is-vertical is-layout-flex wp-container-core-group-is-layout-2 wp-block-group-is-layout-flex\" style=\"border-style:dotted;background-color:#ecfafe;background-image:url(&#039;https:\/\/casa.cheverin.com\/wp-content\/uploads\/2025\/02\/envato-labs-image-edit-3.png&#039;);background-position:50% 100%;background-repeat:no-repeat;background-size:contain;\">\n<h3 class=\"wp-block-heading\">Regiones<\/h3>\n\n\n\n<p>Oaxaca, Veracruz, Morelos, Michoac\u00e1n, Quer\u00e9taro, San Luis Potos\u00ed, Guanajuato y Guerrero<\/p>\n\n\n\n<div style=\"height:0px\" aria-hidden=\"true\" class=\"wp-block-spacer wp-container-content-2\"><\/div>\n<\/div>\n\n\n\n<div class=\"wp-block-group has-border-color has-vivid-cyan-blue-border-color has-background is-vertical is-layout-flex wp-container-core-group-is-layout-3 wp-block-group-is-layout-flex\" style=\"border-style:dotted;background-color:#ecfafe;background-image:url(&#039;https:\/\/casa.cheverin.com\/wp-content\/uploads\/2025\/02\/envato-labs-image-edit-4.png&#039;);background-position:50% 100%;background-repeat:no-repeat;background-size:contain;\">\n<h3 class=\"wp-block-heading\">Logros<\/h3>\n\n\n\n<p>4,670 proveedores de la salud de distintos estados han tomado el curso de Campus Virtual en el a\u00f1o 2018, con asesor\u00eda personalizada por parte de parteras <br>profesionales.<\/p>\n<\/div>\n\n\n\n<div class=\"wp-block-group has-border-color has-vivid-cyan-blue-border-color has-background is-vertical is-layout-flex wp-container-core-group-is-layout-4 wp-block-group-is-layout-flex\" style=\"border-style:dotted;background-color:#ecfafe;background-image:url(&#039;https:\/\/casa.cheverin.com\/wp-content\/uploads\/2025\/02\/envato-labs-image-edit-5.png&#039;);background-position:50% 100%;background-repeat:no-repeat;background-size:contain;\">\n<h3 class=\"wp-block-heading\">Avances en 2019<\/h3>\n\n\n\n<p>En 2019, las Parteras de CASA en San Miguel de Allende, recibieron con gran entusiasmo, a un total de 68 profesionales de la Secretar\u00eda de Salud .<\/p>\n\n\n\n<p><\/p>\n<\/div>\n<\/div>\n\n\n\n<div class=\"wp-block-group has-border-color has-vivid-cyan-blue-border-color has-background is-layout-constrained wp-block-group-is-layout-constrained\" style=\"border-style:dotted;background-color:#ecfafe\">\n<h2 class=\"wp-block-heading\">Testimonios<\/h2>\n\n\n\n<div class=\"wp-block-group is-layout-grid wp-container-core-group-is-layout-6 wp-block-group-is-layout-grid\">\n<figure class=\"wp-block-image size-large\"><img loading=\"lazy\" decoding=\"async\" width=\"1024\" height=\"682\" src=\"https:\/\/casa.cheverin.com\/wp-content\/uploads\/2025\/02\/image-1024x682.png\" alt=\"\" class=\"wp-image-453\" style=\"aspect-ratio:1;object-fit:cover\" srcset=\"https:\/\/casa.cheverin.com\/wp-content\/uploads\/2025\/02\/image-1024x682.png 1024w, https:\/\/casa.cheverin.com\/wp-content\/uploads\/2025\/02\/image-300x200.png 300w, https:\/\/casa.cheverin.com\/wp-content\/uploads\/2025\/02\/image-768x512.png 768w, https:\/\/casa.cheverin.com\/wp-content\/uploads\/2025\/02\/image-1536x1024.png 1536w, https:\/\/casa.cheverin.com\/wp-content\/uploads\/2025\/02\/image-18x12.png 18w, https:\/\/casa.cheverin.com\/wp-content\/uploads\/2025\/02\/image.png 2000w\" sizes=\"(max-width: 1024px) 100vw, 1024px\" \/><\/figure>\n\n\n\n<pre class=\"wp-block-verse has-white-background-color has-background\">\u201cMe gusto el curso y me anima a continuar adquiriendo m\u00e1s conocimientos para aplicar con mis pacientes\u201c.<br><strong>Personal del Hospital General de Axochiapan, Morelos<\/strong><\/pre>\n\n\n\n<pre class=\"wp-block-verse has-white-background-color has-background\">\u201cExcelente la informaci\u00f3n, en hospitales y centro de salud debe llevarse a cabo el buen trato a mujeres embarazadas, as\u00ed como un buen manejo durante el trabajo de parto en pacientes embarazadas\u201c<br><strong>Norma Laura Lambarri, m\u00e9dico general en Hospital General Cadereyta, Quer\u00e9taro<\/strong><\/pre>\n\n\n\n<pre class=\"wp-block-verse has-white-background-color has-background\">\u201cLes agradezco sus habilidades, paciencia por sus ense\u00f1anzas y haber facilitado estas sesiones de aprendizaje. Excelente d\u00eda\u201c.<br><strong>Irma Res\u00e9ndiz, enfermera en Hospital General Cadereyta<\/strong><\/pre>\n\n\n\n<pre class=\"wp-block-verse has-white-background-color has-background\">\u201cMe gusto el curso y me anima a continuar adquiriendo m\u00e1s conocimientos para aplicar con mis pacientes\u201c.<br><strong>Personal del Hospital General de Axochiapan, Morelos<\/strong><\/pre>\n\n\n\n<pre class=\"wp-block-verse has-white-background-color has-background\">\u201cExcelente la informaci\u00f3n, en hospitales y centro de salud debe llevarse a cabo el buen trato a mujeres embarazadas, as\u00ed como un buen manejo durante el trabajo de parto en pacientes embarazadas\u201c<br><strong>Norma Laura Lambarri, m\u00e9dico general en Hospital General Cadereyta, Quer\u00e9taro<\/strong><\/pre>\n<\/div>\n<\/div>\n\n\n\n<p><\/p>","protected":false},"excerpt":{"rendered":"<p>\u00bfQu\u00e9 es el Campus Virtual? Es una plataforma gratuita y abierta para todo el p\u00fablico que empez\u00f3 a funcionar en septiembre 2014 con el prop\u00f3sito de mejorar las competencias y las pr\u00e1cticas de la salud p\u00fablica, mediante el aprovechamiento y la innovaci\u00f3n en el uso de las tecnolog\u00edas de informaci\u00f3n y comunicaci\u00f3n (TIC\u00b4s). El curso [&hellip;]<\/p>","protected":false},"author":1,"featured_media":0,"parent":0,"menu_order":0,"comment_status":"closed","ping_status":"closed","template":"","meta":{"_joinchat":[],"footnotes":""},"class_list":["post-267","page","type-page","status-publish","hentry"],"blocksy_meta":{"has_hero_section":"disabled","styles_descriptor":{"styles":{"desktop":"[data-prefix=\"single_page\"] {background-position:0% 0%;background-repeat:repeat-y;background-color:#ffffff;background-image:url(https:\/\/casa.cheverin.com\/wp-content\/uploads\/2025\/02\/abstract-banner-with-modern-pixel-design_1048-15764.avif);}","tablet":"","mobile":""},"google_fonts":[],"version":6},"background":{"background_type":"image","background_pattern":"type-1","background_image":{"attachment_id":431,"x":0,"y":0,"url":"https:\/\/casa.cheverin.com\/wp-content\/uploads\/2025\/02\/abstract-banner-with-modern-pixel-design_1048-15764.avif"},"gradient":"linear-gradient(135deg,rgba(6,147,227,1) 0%,rgb(155,81,224) 100%)","background_repeat":"repeat-y","background_size":"auto","background_attachment":"scroll","patternColor":{"default":{"color":"#e5e7ea"}},"overlayColor":{"default":{"color":"CT_CSS_SKIP_RULE"}},"backgroundColor":{"default":{"color":"#ffffff"}}}},"_links":{"self":[{"href":"https:\/\/casa.cheverin.com\/en\/wp-json\/wp\/v2\/pages\/267","targetHints":{"allow":["GET"]}}],"collection":[{"href":"https:\/\/casa.cheverin.com\/en\/wp-json\/wp\/v2\/pages"}],"about":[{"href":"https:\/\/casa.cheverin.com\/en\/wp-json\/wp\/v2\/types\/page"}],"author":[{"embeddable":true,"href":"https:\/\/casa.cheverin.com\/en\/wp-json\/wp\/v2\/users\/1"}],"replies":[{"embeddable":true,"href":"https:\/\/casa.cheverin.com\/en\/wp-json\/wp\/v2\/comments?post=267"}],"version-history":[{"count":18,"href":"https:\/\/casa.cheverin.com\/en\/wp-json\/wp\/v2\/pages\/267\/revisions"}],"predecessor-version":[{"id":497,"href":"https:\/\/casa.cheverin.com\/en\/wp-json\/wp\/v2\/pages\/267\/revisions\/497"}],"wp:attachment":[{"href":"https:\/\/casa.cheverin.com\/en\/wp-json\/wp\/v2\/media?parent=267"}],"curies":[{"name":"wp","href":"https:\/\/api.w.org\/{rel}","templated":true}]}}