{"id":263,"date":"2025-02-21T14:29:54","date_gmt":"2025-02-21T13:29:54","guid":{"rendered":"https:\/\/casa.cheverin.com\/?page_id=263"},"modified":"2025-02-25T18:48:21","modified_gmt":"2025-02-25T17:48:21","slug":"cascabel-radio-social-xhsma-fm","status":"publish","type":"page","link":"https:\/\/casa.cheverin.com\/en\/cascabel-radio-social-xhsma-fm\/","title":{"rendered":"Cascabel Radio Social XHSMA-FM"},"content":{"rendered":"<div class=\"wp-block-media-text is-stacked-on-mobile has-perfect-white-gradient-background has-background\" style=\"border-style:none;border-width:0px\"><figure class=\"wp-block-media-text__media\"><img fetchpriority=\"high\" decoding=\"async\" width=\"1024\" height=\"683\" src=\"https:\/\/casa.cheverin.com\/wp-content\/uploads\/2025\/02\/envato-labs-image-edit-1024x683.png\" alt=\"\" class=\"wp-image-356 size-full\" srcset=\"https:\/\/casa.cheverin.com\/wp-content\/uploads\/2025\/02\/envato-labs-image-edit-1024x683.png 1024w, https:\/\/casa.cheverin.com\/wp-content\/uploads\/2025\/02\/envato-labs-image-edit-300x200.png 300w, https:\/\/casa.cheverin.com\/wp-content\/uploads\/2025\/02\/envato-labs-image-edit-768x512.png 768w, https:\/\/casa.cheverin.com\/wp-content\/uploads\/2025\/02\/envato-labs-image-edit-1536x1024.png 1536w, https:\/\/casa.cheverin.com\/wp-content\/uploads\/2025\/02\/envato-labs-image-edit-2048x1365.png 2048w, https:\/\/casa.cheverin.com\/wp-content\/uploads\/2025\/02\/envato-labs-image-edit-18x12.png 18w\" sizes=\"(max-width: 1024px) 100vw, 1024px\" \/><\/figure><div class=\"wp-block-media-text__content\">\n<h1 class=\"wp-block-heading has-x-large-font-size\">Cascabel Radio Social <br><strong>XHSMA- <\/strong>92.1<strong><em> <\/em><\/strong> <strong>FM<\/strong><\/h1>\n\n\n\n<div class=\"wp-block-buttons is-layout-flex wp-block-buttons-is-layout-flex\">\n<div class=\"wp-block-button has-custom-font-size is-style-fill has-medium-font-size\"><a class=\"wp-block-button__link has-plum-plate-gradient-background has-background wp-element-button\" href=\"https:\/\/zeno.fm\/radio\/cascabel-radio-social-92-1-fm\/\">\u203a Escuchar por internet<\/a><\/div>\n<\/div>\n<\/div><\/div>\n\n\n\n<div class=\"wp-block-group has-perfect-white-gradient-background has-background is-nowrap is-layout-flex wp-container-core-group-is-layout-1 wp-block-group-is-layout-flex\">\n<p class=\"has-palette-color-4-color has-text-color has-link-color has-medium-font-size wp-elements-9d300d2ca9b92080258f17601b794863\"><strong>Radio gratuita <\/strong>en la que t\u00fa puedes tener tu programa de radio sin costo o participar como invitado.<\/p>\n\n\n\n<p class=\"has-palette-color-4-color has-text-color has-link-color has-medium-font-size wp-elements-64ade8a6af8244fe3d11fefc1ea16502\"><strong>Todas las voces son bienvenidas <\/strong>y no mostramos anuncios. Esc\u00fachanos por frecuencia modulada <strong>92.1<em> <\/em> FM<\/strong> o <a href=\"https:\/\/zeno.fm\/radio\/cascabel-radio-social-92-1-fm\/\">Internet<\/a>.<\/p>\n<\/div>\n\n\n\n<div class=\"wp-block-group is-layout-grid wp-container-core-group-is-layout-6 wp-block-group-is-layout-grid\">\n<div class=\"wp-block-group has-background is-layout-constrained wp-block-group-is-layout-constrained\" style=\"background-color:#ffedf0\">\n<h2 class=\"wp-block-heading\" id=\"single\" style=\"font-size:clamp(24.034px, 1.502rem + ((1vw - 3.2px) * 1.247), 40px);\"><strong>Lunes<\/strong><\/h2>\n\n\n\n<hr class=\"wp-block-separator has-text-color has-css-opacity has-background is-style-wide\" style=\"background-color:#000000;color:#000000\"\/>\n\n\n\n<ul class=\"wp-block-list has-palette-color-4-color has-text-color has-link-color has-normal-font-size wp-elements-a52c366e0a71ebd7e673eb43cadd2e1c\">\n<li><strong>7:00 <\/strong>M\u00fasica para ni\u00f1os<\/li>\n\n\n\n<li><strong>8:00<\/strong> Macho Demasiado Macho: M\u00fasica Mexicana de diversos g\u00e9neros y \u00e9pocas.<\/li>\n\n\n\n<li><strong>9:00<\/strong> Lentec\u00edllos M\u00e1gicos con Itzel Mendieta.<\/li>\n\n\n\n<li><strong>10:00<\/strong>&nbsp;<a href=\"https:\/\/www.facebook.com\/watch\/live\/?ref=search&amp;v=323193614071234\">Preg\u00fantale al Algoritmo:<\/a>&nbsp;Arte y Cultura con Enrique Becerra<\/li>\n\n\n\n<li><strong>12:00 <\/strong>En Contacto: Derecho Migratorio con Gustavo Acosta<\/li>\n\n\n\n<li><strong>13:00<\/strong> Hay una soluci\u00f3n con Jord\u00e1n Barcenas (pr\u00e9venci\u00f3n de adicciones)<\/li>\n\n\n\n<li><strong>15:00<\/strong>&nbsp;<a href=\"https:\/\/www.instagram.com\/sexplora.casa?igsh=N204ZGN5czZxNGdi\">Sexplora si tabues<\/a>&nbsp;con&nbsp;<a href=\"https:\/\/www.instagram.com\/susi.ch\/\">Susana Chavez&nbsp;<\/a>y&nbsp;<a href=\"https:\/\/www.facebook.com\/parteragaby\">Gabriela C\u00e1rdenas<\/a><\/li>\n\n\n\n<li><strong>16:00<\/strong> Casa \u00c9xito Aprendiendo Juntos con&nbsp;<a href=\"https:\/\/www.facebook.com\/fabiola.arellanohernandez.1\">Fabiola Arellano<\/a>&nbsp;y Jos\u00e9 Ram\u00f3n Otero<\/li>\n\n\n\n<li><strong>17:00<\/strong>&nbsp;<a href=\"https:\/\/www.facebook.com\/espaciointeractivocascabel?mibextid=ZbWKwL\">Espacio Interactivo<\/a>&nbsp;con Willy Reusner<\/li>\n\n\n\n<li><strong>19:00<\/strong>&nbsp;<a href=\"https:\/\/www.facebook.com\/profile.php?id=61556535262125&amp;mibextid=ZbWKwL\">El Muchacho Alegre<\/a>&nbsp;con Gustavo Ju\u00e1rez<\/li>\n<\/ul>\n<\/div>\n\n\n\n<div class=\"wp-block-group has-background is-layout-constrained wp-block-group-is-layout-constrained\" style=\"background-color:#fff3ed\">\n<h2 class=\"wp-block-heading\" id=\"single\" style=\"font-size:clamp(24.034px, 1.502rem + ((1vw - 3.2px) * 1.247), 40px);\"><strong>Martes<\/strong><\/h2>\n\n\n\n<hr class=\"wp-block-separator has-text-color has-css-opacity has-background is-style-wide\" style=\"background-color:#000000;color:#000000\"\/>\n\n\n\n<ul class=\"wp-block-list has-palette-color-4-color has-text-color has-link-color has-normal-font-size wp-elements-a0752fafdbf51520232f9c8380bf092d\">\n<li><strong>7:00<\/strong> M\u00fasica para ni\u00f1os<\/li>\n\n\n\n<li><strong>8:00<\/strong> Macho Demasiado Macho: M\u00fasica Mexicana de diversos g\u00e9neros y \u00e9pocas.<\/li>\n\n\n\n<li><strong>9:00<\/strong><a href=\"https:\/\/www.instagram.com\/radio.casma?igsh=MW1rZHMzdWZvemhmZA%3D%3D\">&nbsp;Radio CASMA:<\/a>&nbsp;<a href=\"https:\/\/open.spotify.com\/show\/2RUnR91xOztNQWoGx8fcEJ?si=OT9ZY69mQe6g3mPD1j647w&amp;nd=1&amp;dlsi=dc72641500364b36\">Colegio de Arquitectos de San Miguel de Allende<\/a><\/li>\n\n\n\n<li><strong>10:30<\/strong> Ps\u00edcolog\u00eda al Aire con&nbsp;<a href=\"https:\/\/www.facebook.com\/alejandra.saucilloromero\">Alejandra Saucillo<\/a>&nbsp;y&nbsp;<a href=\"https:\/\/www.facebook.com\/profile.php?id=100089944600681\">Jes\u00fas Roberto Hern\u00e1ndez<\/a><\/li>\n\n\n\n<li><strong>12:00<\/strong> Los Territorios del Mediod\u00eda con Levit Guzm\u00e1n y Ricardo Luna<\/li>\n\n\n\n<li><strong>14:00<\/strong>&nbsp;<a href=\"https:\/\/www.instagram.com\/centroelegir\/\">Centro Elegir<\/a>&nbsp;de CASA A.C.<\/li>\n\n\n\n<li><strong>15:00<\/strong> Retos y Ritos Tierra Adentro con&nbsp;<a href=\"https:\/\/www.facebook.com\/search\/top?q=arturomoralestirado\">Arturo Morales Tirado<\/a><\/li>\n\n\n\n<li><strong>16:00<\/strong> Sound the barrio:&nbsp;<a href=\"https:\/\/www.facebook.com\/ranchero.pandillero\">RP Colectivo<\/a><\/li>\n\n\n\n<li><strong>18:00<\/strong> Amu\u00f1ijar con Ofer Sanchez<\/li>\n\n\n\n<li><strong>20:00<\/strong> Uni\u00f3n Latina con&nbsp;<a href=\"https:\/\/www.facebook.com\/fernandoandrugs\">Rude<\/a><\/li>\n<\/ul>\n<\/div>\n\n\n\n<div class=\"wp-block-group has-background wp-container-content-1 is-layout-constrained wp-block-group-is-layout-constrained\" style=\"background-color:#fffced\">\n<h2 class=\"wp-block-heading\" id=\"single\" style=\"font-size:clamp(24.034px, 1.502rem + ((1vw - 3.2px) * 1.247), 40px);\"><strong>Mi\u00e9rcoles<\/strong><\/h2>\n\n\n\n<hr class=\"wp-block-separator has-text-color has-css-opacity has-background is-style-wide\" style=\"background-color:#000000;color:#000000\"\/>\n\n\n\n<ul class=\"wp-block-list has-palette-color-4-color has-text-color has-link-color has-normal-font-size wp-elements-d77a220cb73aaa58e030134a9ec0d2e5\">\n<li><strong>7:00<\/strong> M\u00fasica para ni\u00f1os<\/li>\n\n\n\n<li><strong>8:00<\/strong> Macho Demasiado Macho: M\u00fasica Mexicana de diversos g\u00e9neros y \u00e9pocas.<\/li>\n\n\n\n<li><strong>9:00<\/strong> T\u00fa partera de turno: Parteras de CASA A.C.<\/li>\n\n\n\n<li><strong>10:00<\/strong> Asesor\u00eda Legal Jos\u00e9 Luis Vargas<\/li>\n\n\n\n<li><strong>11:00<\/strong> Una Visita Inesperada Micr\u00f3fono abierto al p\u00fablico sin cita previa<\/li>\n\n\n\n<li><strong>13:00 <\/strong>Charlando con Charlie con&nbsp;<a href=\"https:\/\/www.facebook.com\/carlos.rangel.5891\">Carlos Rangel<\/a><\/li>\n\n\n\n<li>1<strong>4:30<\/strong>&nbsp;<a href=\"https:\/\/open.spotify.com\/show\/7t5VMBhIAbt4GTDP8DbFw4?si=955ce8dcfca9422e&amp;nd=1&amp;dlsi=1aaa8d84b2d8469b\">\u201cHacernos de palabras. Vidas de lectoras y lectores\u2026 sin manual\u201d<\/a>&nbsp;Con Erika Burgos y Claudia Rodr\u00edguez<\/li>\n\n\n\n<li><strong>15:30<\/strong>&nbsp;<a href=\"https:\/\/www.instagram.com\/libreate_lucia?utm_source=qr&amp;igsh=MTdmd205N3RkdG8wZA==\">Libreate<\/a>&nbsp;con&nbsp;<a href=\"https:\/\/www.tiktok.com\/@libreate_23?_t=ZM-8svd0WU16lp&amp;_r=1\">Luc\u00eda Ibarra Garc\u00eda<\/a><\/li>\n\n\n\n<li><strong>16:00<\/strong> Empresarios en Acci\u00f3n con Oliverio Fern\u00e1ndez<\/li>\n\n\n\n<li><strong>17:00<\/strong> Una S\u00f3la Comunidad M\u00faltiples Etnias con&nbsp;<a href=\"https:\/\/www.facebook.com\/arturomoralestirado\">Arturo Morales<\/a><\/li>\n\n\n\n<li><strong>18:00<\/strong> Impro al Aire con Grupo de Teatro<\/li>\n\n\n\n<li><strong>19:00<\/strong>&nbsp;<a href=\"https:\/\/www.facebook.com\/profile.php?id=61556535262125&amp;mibextid=ZbWKwL\">El muchacho alegre<\/a>&nbsp;con Gustavo Ju\u00e1rez<\/li>\n<\/ul>\n<\/div>\n\n\n\n<div class=\"wp-block-group has-background is-layout-constrained wp-block-group-is-layout-constrained\" style=\"background-color:#edf0ff\">\n<h2 class=\"wp-block-heading\" id=\"single\" style=\"font-size:clamp(24.034px, 1.502rem + ((1vw - 3.2px) * 1.247), 40px);\"><strong>Jueves<\/strong><\/h2>\n\n\n\n<hr class=\"wp-block-separator has-text-color has-css-opacity has-background is-style-wide\" style=\"background-color:#000000;color:#000000\"\/>\n\n\n\n<ul class=\"wp-block-list has-palette-color-4-color has-text-color has-link-color has-normal-font-size wp-elements-7bba70bce8b04b02376fab3fa3dac273\">\n<li><strong>7:00 <\/strong>M\u00fasica para ni\u00f1os<\/li>\n\n\n\n<li><strong>8:00<\/strong> Macho Demasiado Macho: M\u00fasica Mexicana de diversos g\u00e9neros y \u00e9pocas.<\/li>\n\n\n\n<li><strong>9:00<\/strong> Lentec\u00edllos M\u00e1gicos con Itzel Mendieta.<\/li>\n\n\n\n<li><strong>10:00<\/strong>&nbsp;<a href=\"https:\/\/www.facebook.com\/watch\/live\/?ref=search&amp;v=323193614071234\">Preg\u00fantale al Algoritmo:<\/a>&nbsp;Arte y Cultura con Enrique Becerra<\/li>\n\n\n\n<li><strong>12:00<\/strong> En Contacto: Derecho Migratorio con Gustavo Acosta<\/li>\n\n\n\n<li><strong>13:00<\/strong> Hay una soluci\u00f3n con Jord\u00e1n Barcenas (pr\u00e9venci\u00f3n de adicciones)<\/li>\n\n\n\n<li><strong>15:00<\/strong>&nbsp;<a href=\"https:\/\/www.instagram.com\/sexplora.casa?igsh=N204ZGN5czZxNGdi\">Sexplora si tabues<\/a>&nbsp;con&nbsp;<a href=\"https:\/\/www.instagram.com\/susi.ch\/\">Susana Chavez&nbsp;<\/a>y&nbsp;<a href=\"https:\/\/www.facebook.com\/parteragaby\">Gabriela C\u00e1rdenas<\/a><\/li>\n\n\n\n<li><strong>16:00<\/strong> Casa \u00c9xito Aprendiendo Juntos con&nbsp;<a href=\"https:\/\/www.facebook.com\/fabiola.arellanohernandez.1\">Fabiola Arellano<\/a>&nbsp;y Jos\u00e9 Ram\u00f3n Otero<\/li>\n\n\n\n<li><strong>17:00<\/strong>&nbsp;<a href=\"https:\/\/www.facebook.com\/espaciointeractivocascabel?mibextid=ZbWKwL\">Espacio Interactivo<\/a>&nbsp;con Willy Reusner<\/li>\n\n\n\n<li><strong>19:00<\/strong>&nbsp;<a href=\"https:\/\/www.facebook.com\/profile.php?id=61556535262125&amp;mibextid=ZbWKwL\">El Muchacho Alegre<\/a>&nbsp;con Gustavo Ju\u00e1rez<\/li>\n<\/ul>\n<\/div>\n<\/div>\n\n\n\n<div class=\"wp-block-group is-layout-grid wp-container-core-group-is-layout-10 wp-block-group-is-layout-grid\">\n<div class=\"wp-block-group has-background is-layout-constrained wp-block-group-is-layout-constrained\" style=\"background-color:#ffedf9\">\n<h2 class=\"wp-block-heading\" id=\"single\" style=\"font-size:clamp(24.034px, 1.502rem + ((1vw - 3.2px) * 1.247), 40px);\"><strong>Viernes<\/strong><\/h2>\n\n\n\n<hr class=\"wp-block-separator has-text-color has-css-opacity has-background is-style-wide\" style=\"background-color:#000000;color:#000000\"\/>\n\n\n\n<ul class=\"wp-block-list has-palette-color-4-color has-text-color has-link-color has-normal-font-size wp-elements-4de9cb14cc974c1d72b102edf72d3381\">\n<li><strong>7:00 <\/strong>M\u00fasica para ni\u00f1os<\/li>\n\n\n\n<li><strong>8:00 <\/strong>Macho Demasiado Macho: M\u00fasica Mexicana de diversos g\u00e9neros y \u00e9pocas.<\/li>\n\n\n\n<li><strong>09:00 <\/strong>Lentec\u00edllos M\u00e1gicos con Itzel Mendieta<\/li>\n\n\n\n<li><strong>9:30 <\/strong>Netas de un adicto con Carlos Labrada<\/li>\n\n\n\n<li><strong>10:00<\/strong> Mujeres construyendo con Aida Reyes<\/li>\n\n\n\n<li><strong>11:00<\/strong> Odontolog\u00eda Integral con Miriam V. Murillo Cuevas<\/li>\n\n\n\n<li><strong>12:00<\/strong> Medicina y Cuidado Animal con Jos\u00e9 Estrada 415-102-5846<\/li>\n\n\n\n<li><strong>13:00<\/strong> M\u00fasica de actualidad con Luis Bautista<\/li>\n\n\n\n<li><strong>14:00<\/strong> Resuena San Miguel con J\u00e9sus Ledezma<\/li>\n\n\n\n<li><strong>15:00<\/strong>&nbsp;<a href=\"https:\/\/www.instagram.com\/caleidoscopiocrs\">Caleidoscopio de Colores<\/a>&nbsp;con Mer Almaray<\/li>\n\n\n\n<li><strong>16:00<\/strong> Noticias y chismes: Para Godinez con Lu Deanda,&nbsp;<a href=\"https:\/\/www.facebook.com\/dianapaulina.hernandezarteaga\">Pau Pau&nbsp;<\/a>y&nbsp;<a href=\"https:\/\/www.instagram.com\/simar_mocosa\/\">Marlon DC<\/a><\/li>\n\n\n\n<li><strong>17:00 <\/strong>Un programa diferente cada semana 1.- Las Mu\u00f1ecas con&nbsp;<a href=\"https:\/\/www.facebook.com\/skgatita?mibextid=ZbWKwL\">F\u00e1tima Ayala<\/a>&nbsp;2.- Piel y Placer con&nbsp;<a href=\"https:\/\/www.instagram.com\/psic.analibarcenas?utm_source=qr&amp;igsh=MW9mZGNxdHpkbDV1Nw%3D%3D\">Anal\u00ed Barcenas<\/a>&nbsp;y la&nbsp;<a href=\"https:\/\/www.instagram.com\/fisioderma.sma?igsh=MWlpMDNtM2l5ZTl0NA%3D%3D\">fisio Alejandra.<\/a><\/li>\n\n\n\n<li><strong>19:00<\/strong>&nbsp;<a href=\"https:\/\/www.facebook.com\/profile.php?id=61556535262125&amp;mibextid=ZbWKwL\">El Muchacho Alegre<\/a>&nbsp;con Gustavo Ju\u00e1rez<\/li>\n\n\n\n<li><strong>21:00<\/strong> Mi Querida Calle con Oscar Santuario<\/li>\n\n\n\n<li><strong>22:00<\/strong> PLUR con Saul Led\u00f3n<\/li>\n<\/ul>\n<\/div>\n\n\n\n<div class=\"wp-block-group has-background is-layout-constrained wp-block-group-is-layout-constrained\" style=\"background-color:#edf9ff\">\n<h2 class=\"wp-block-heading\" id=\"single\" style=\"font-size:clamp(24.034px, 1.502rem + ((1vw - 3.2px) * 1.247), 40px);\"><strong>S\u00e1bado<\/strong><\/h2>\n\n\n\n<hr class=\"wp-block-separator has-text-color has-css-opacity has-background is-style-wide\" style=\"background-color:#000000;color:#000000\"\/>\n\n\n\n<ul class=\"wp-block-list has-palette-color-4-color has-text-color has-link-color has-normal-font-size wp-elements-a2450ac79d0cf42c65bc1f1753e6f78e\">\n<li><strong>7:00<\/strong> M\u00fasica para ni\u00f1os<\/li>\n\n\n\n<li><strong>8:00<\/strong> Macho Demasiado Macho: M\u00fasica Mexicana de diversos g\u00e9neros y \u00e9pocas.<\/li>\n\n\n\n<li><strong>9:00<\/strong>&nbsp;<a href=\"https:\/\/open.spotify.com\/show\/4WzVdFqNuBiLGFTnvG5I2N\">En Comunidad<\/a>&nbsp;con Valtier Mej\u00eda<\/li>\n\n\n\n<li><strong>10:00<\/strong>&nbsp;<a href=\"https:\/\/www.facebook.com\/search\/top?q=reduciduosma\">ReduciduoSMA<\/a>&nbsp;con Roberto Robles<\/li>\n\n\n\n<li><strong>11:00<\/strong> Un programa diferente cada semana 1.- Atemporal con F\u00e1tima Alemeida 2.- Huateque con Isra Castillo<\/li>\n\n\n\n<li><strong>12:00<\/strong> Radio Dual con Dalilah Rangel y Gabriel Omar<\/li>\n\n\n\n<li><strong>13:00<\/strong> Nunca en domingo con Mauricio Carranza<\/li>\n\n\n\n<li><strong>14:00 <\/strong>Asesor\u00eda financiera con Luis Zavala se transmite el 1er s\u00e1bado del mes<\/li>\n\n\n\n<li><strong>15:00<\/strong> M\u00fasica continua<\/li>\n\n\n\n<li><strong>16:00<\/strong> Hablame de Flow con&nbsp;<a href=\"https:\/\/www.instagram.com\/simar_mocosa\/\">Marlon DC<\/a>&nbsp;y&nbsp;<a href=\"https:\/\/www.instagram.com\/mikel_tavera_\/\">Maiky G Tavera<\/a><\/li>\n\n\n\n<li><strong>17:00<\/strong> Musidual con Gabriel Guzm\u00e1n<\/li>\n\n\n\n<li><strong>22:00<\/strong> C\u00f3digo Subterraneo con Humberto Galvan y Juan Carlos Rodr\u00edguez<\/li>\n<\/ul>\n<\/div>\n\n\n\n<div class=\"wp-block-group has-background is-layout-constrained wp-block-group-is-layout-constrained\" style=\"background-color:#edfff3\">\n<h2 class=\"wp-block-heading\" id=\"single\" style=\"font-size:clamp(24.034px, 1.502rem + ((1vw - 3.2px) * 1.247), 40px);\"><strong>Domingo<\/strong><\/h2>\n\n\n\n<hr class=\"wp-block-separator has-text-color has-css-opacity has-background is-style-wide\" style=\"background-color:#000000;color:#000000\"\/>\n\n\n\n<ul class=\"wp-block-list has-palette-color-4-color has-text-color has-link-color has-normal-font-size wp-elements-5c9524e3223f92ed3e64df651e5a49ce\">\n<li><strong>7:00<\/strong> M\u00fasica para ni\u00f1os<\/li>\n\n\n\n<li><strong>8:00<\/strong> Macho Demasiado Macho: M\u00fasica Mexicana de diversos g\u00e9neros y \u00e9pocas.<\/li>\n\n\n\n<li><strong>9:00<\/strong> M\u00fasica<\/li>\n\n\n\n<li><strong>13:00<\/strong> Los Acordes Perdidos del Clasic Rock Pastizaje Records<\/li>\n\n\n\n<li><strong>22:00<\/strong> La Hora Nacional<\/li>\n<\/ul>\n<\/div>\n<\/div>\n\n\n\n<div class=\"wp-block-group has-white-background-color has-background is-layout-grid wp-container-core-group-is-layout-12 wp-block-group-is-layout-grid\">\n<figure class=\"wp-block-image size-large\"><img decoding=\"async\" width=\"1024\" height=\"690\" src=\"https:\/\/casa.cheverin.com\/wp-content\/uploads\/2025\/02\/otros-datos-real-1024x690.jpg\" alt=\"\" class=\"wp-image-371\" srcset=\"https:\/\/casa.cheverin.com\/wp-content\/uploads\/2025\/02\/otros-datos-real-1024x690.jpg 1024w, https:\/\/casa.cheverin.com\/wp-content\/uploads\/2025\/02\/otros-datos-real-300x202.jpg 300w, https:\/\/casa.cheverin.com\/wp-content\/uploads\/2025\/02\/otros-datos-real-768x517.jpg 768w, https:\/\/casa.cheverin.com\/wp-content\/uploads\/2025\/02\/otros-datos-real-18x12.jpg 18w, https:\/\/casa.cheverin.com\/wp-content\/uploads\/2025\/02\/otros-datos-real.jpg 1280w\" sizes=\"(max-width: 1024px) 100vw, 1024px\" \/><\/figure>\n\n\n\n<div class=\"wp-block-group is-layout-constrained wp-block-group-is-layout-constrained\">\n<h2 class=\"wp-block-heading\">El Cumplea\u00f1os no.1 de Cascabel<\/h2>\n\n\n\n<p><a href=\"https:\/\/zeno.fm\/radio\/cascabel-radio-social-92-1-fm\/\">Cascabel Radio Social 92.1FM&nbsp;<\/a>se ha convertido en un pilar fundamental en la comunidad de San Miguel de Allende gracias a su compromiso con la difusi\u00f3n de informaci\u00f3n relevante y entretenimiento de calidad. Los oyentes disfrutan de programas que abordan temas de inter\u00e9s local, m\u00fasica variada, entrevistas a personalidades destacadas y mucho m\u00e1s. <\/p>\n\n\n\n<p>Adem\u00e1s, la labor de Alejandro Gonz\u00e1lez Rullan y de todo el equipo de Cascabel Radio ha sido fundamental para mantener viva la esencia de la radio comunitaria y conectar a la comunidad de una manera \u00fanica. <\/p>\n\n\n\n<p>Esperamos que&nbsp;<a href=\"https:\/\/zeno.fm\/radio\/cascabel-radio-social-92-1-fm\/\">Cascabel Radio Social 92.1FM<\/a>&nbsp;contin\u00fae siendo un referente en la radio local y siga enriqueciendo la vida de los sanmiguelenses durante muchos a\u00f1os m\u00e1s. \u00a1Felicidades por este primer a\u00f1o de \u00e9xitos!<\/p>\n<\/div>\n<\/div>\n\n\n\n<div class=\"wp-block-group has-white-background-color has-background is-layout-grid wp-container-core-group-is-layout-14 wp-block-group-is-layout-grid\">\n<figure class=\"wp-block-image size-large\"><img decoding=\"async\" width=\"1024\" height=\"887\" src=\"https:\/\/casa.cheverin.com\/wp-content\/uploads\/2025\/02\/received_680699654107367-e1694619731753-1024x887.jpeg\" alt=\"\" class=\"wp-image-380\" srcset=\"https:\/\/casa.cheverin.com\/wp-content\/uploads\/2025\/02\/received_680699654107367-e1694619731753-1024x887.jpeg 1024w, https:\/\/casa.cheverin.com\/wp-content\/uploads\/2025\/02\/received_680699654107367-e1694619731753-300x260.jpeg 300w, https:\/\/casa.cheverin.com\/wp-content\/uploads\/2025\/02\/received_680699654107367-e1694619731753-768x665.jpeg 768w, https:\/\/casa.cheverin.com\/wp-content\/uploads\/2025\/02\/received_680699654107367-e1694619731753-14x12.jpeg 14w, https:\/\/casa.cheverin.com\/wp-content\/uploads\/2025\/02\/received_680699654107367-e1694619731753.jpeg 1133w\" sizes=\"(max-width: 1024px) 100vw, 1024px\" \/><\/figure>\n\n\n\n<div class=\"wp-block-group is-layout-constrained wp-block-group-is-layout-constrained\">\n<h2 class=\"wp-block-heading\"><strong>Defensor de audiencias<\/strong><\/h2>\n\n\n\n<p>Si tienes alguna duda, observaci\u00f3n o comentario sobre la informaci\u00f3n emitida por la radio, favor de contactar al defensor de audiencias.<\/p>\n\n\n\n<figure class=\"wp-block-image alignright size-full is-resized is-style-rounded wp-duotone-unset-1\"><img loading=\"lazy\" decoding=\"async\" width=\"600\" height=\"556\" src=\"https:\/\/casa.cheverin.com\/wp-content\/uploads\/2025\/02\/Portada-Cascabel-Radio-Social-1080-x-1000-px-1-600x556-1.png\" alt=\"\" class=\"wp-image-381\" style=\"width:161px;height:auto\" srcset=\"https:\/\/casa.cheverin.com\/wp-content\/uploads\/2025\/02\/Portada-Cascabel-Radio-Social-1080-x-1000-px-1-600x556-1.png 600w, https:\/\/casa.cheverin.com\/wp-content\/uploads\/2025\/02\/Portada-Cascabel-Radio-Social-1080-x-1000-px-1-600x556-1-300x278.png 300w, https:\/\/casa.cheverin.com\/wp-content\/uploads\/2025\/02\/Portada-Cascabel-Radio-Social-1080-x-1000-px-1-600x556-1-13x12.png 13w\" sizes=\"(max-width: 600px) 100vw, 600px\" \/><\/figure>\n\n\n\n<p><strong>Gustavo Acosta<\/strong><br><a href=\"https:\/\/docs.google.com\/forms\/d\/1YMFsXHZkAxqMhtOcQve78nkLgvWI1jUfQpfu0C0QKhA\/edit?usp=forms_home&amp;ths=true\">acostacomunitario@gmail.com<\/a><\/p>\n\n\n\n<p><strong>Contacto de Whatspp:<\/strong>&nbsp;+52 415 105 0932 o&nbsp;<a href=\"mailto:voluntariosradio@casa.org.mx\">voluntariosradio@casa.org.mx<\/a><\/p>\n\n\n\n<p><a href=\"https:\/\/casa.cheverin.com\/en\/xhsma-92-1-codigo-de-etica\/\">Codigo de \u00c9tica<\/a><\/p>\n\n\n\n<div class=\"wp-block-buttons is-layout-flex wp-block-buttons-is-layout-flex\">\n<div class=\"wp-block-button is-style-fill\"><a class=\"wp-block-button__link has-palette-color-4-background-color has-background wp-element-button\" href=\"https:\/\/docs.google.com\/forms\/d\/1YMFsXHZkAxqMhtOcQve78nkLgvWI1jUfQpfu0C0QKhA\/edit?usp=forms_home&amp;ths=true\">Contesta la Encuenta<\/a><\/div>\n<\/div>\n<\/div>\n<\/div>\n\n\n\n<p><\/p>","protected":false},"excerpt":{"rendered":"<p>Radio gratuita en la que t\u00fa puedes tener tu programa de radio sin costo o participar como invitado. Todas las voces son bienvenidas y no mostramos anuncios. Esc\u00fachanos por frecuencia modulada 92.1 FM o Internet. Lunes Martes Mi\u00e9rcoles Jueves Viernes S\u00e1bado Domingo El Cumplea\u00f1os no.1 de Cascabel Cascabel Radio Social 92.1FM&nbsp;se ha convertido en un [&hellip;]<\/p>","protected":false},"author":1,"featured_media":0,"parent":0,"menu_order":0,"comment_status":"closed","ping_status":"closed","template":"","meta":{"_joinchat":[],"footnotes":""},"class_list":["post-263","page","type-page","status-publish","hentry"],"blocksy_meta":{"has_hero_section":"disabled","styles_descriptor":{"styles":{"desktop":"[data-prefix=\"single_page\"] {background-position:0% 0%;background-color:var(--theme-palette-color-4);background-image:url(https:\/\/casa.cheverin.com\/wp-content\/uploads\/2025\/02\/black-music-notes-song-melody-flowing-air-dark-background-copy-space-your-text-article-left-concept-music-aesthetic-rhythm-3d-illustration-rendering_34515-906.avif);}","tablet":"","mobile":""},"google_fonts":[],"version":6},"background":{"background_type":"image","background_pattern":"type-1","background_image":{"attachment_id":365,"x":0,"y":0,"url":"https:\/\/casa.cheverin.com\/wp-content\/uploads\/2025\/02\/black-music-notes-song-melody-flowing-air-dark-background-copy-space-your-text-article-left-concept-music-aesthetic-rhythm-3d-illustration-rendering_34515-906.avif"},"gradient":"linear-gradient(135deg,rgba(6,147,227,1) 0%,rgb(155,81,224) 100%)","background_repeat":"repeat","background_size":"auto","background_attachment":"scroll","patternColor":{"default":{"color":"#e5e7ea"}},"overlayColor":{"default":{"color":"CT_CSS_SKIP_RULE"}},"backgroundColor":{"default":{"color":"var(--theme-palette-color-4)"}}}},"_links":{"self":[{"href":"https:\/\/casa.cheverin.com\/en\/wp-json\/wp\/v2\/pages\/263","targetHints":{"allow":["GET"]}}],"collection":[{"href":"https:\/\/casa.cheverin.com\/en\/wp-json\/wp\/v2\/pages"}],"about":[{"href":"https:\/\/casa.cheverin.com\/en\/wp-json\/wp\/v2\/types\/page"}],"author":[{"embeddable":true,"href":"https:\/\/casa.cheverin.com\/en\/wp-json\/wp\/v2\/users\/1"}],"replies":[{"embeddable":true,"href":"https:\/\/casa.cheverin.com\/en\/wp-json\/wp\/v2\/comments?post=263"}],"version-history":[{"count":31,"href":"https:\/\/casa.cheverin.com\/en\/wp-json\/wp\/v2\/pages\/263\/revisions"}],"predecessor-version":[{"id":551,"href":"https:\/\/casa.cheverin.com\/en\/wp-json\/wp\/v2\/pages\/263\/revisions\/551"}],"wp:attachment":[{"href":"https:\/\/casa.cheverin.com\/en\/wp-json\/wp\/v2\/media?parent=263"}],"curies":[{"name":"wp","href":"https:\/\/api.w.org\/{rel}","templated":true}]}}