{"id":261,"date":"2025-02-21T14:28:39","date_gmt":"2025-02-21T13:28:39","guid":{"rendered":"https:\/\/casa.cheverin.com\/?page_id=261"},"modified":"2025-02-26T22:33:12","modified_gmt":"2025-02-26T21:33:12","slug":"voluntarios","status":"publish","type":"page","link":"https:\/\/casa.cheverin.com\/en\/voluntarios\/","title":{"rendered":"Voluntarios"},"content":{"rendered":"<div class=\"wp-block-media-text is-stacked-on-mobile has-background\" style=\"border-width:3px;background-color:#faffed;grid-template-columns:35% auto\"><figure class=\"wp-block-media-text__media\"><img fetchpriority=\"high\" decoding=\"async\" width=\"1024\" height=\"968\" src=\"https:\/\/casa.cheverin.com\/wp-content\/uploads\/2025\/02\/envato-labs-image-edit-1-e1740422047604-1024x968.png\" alt=\"\" class=\"wp-image-396 size-full\" srcset=\"https:\/\/casa.cheverin.com\/wp-content\/uploads\/2025\/02\/envato-labs-image-edit-1-e1740422047604-1024x968.png 1024w, https:\/\/casa.cheverin.com\/wp-content\/uploads\/2025\/02\/envato-labs-image-edit-1-e1740422047604-300x284.png 300w, https:\/\/casa.cheverin.com\/wp-content\/uploads\/2025\/02\/envato-labs-image-edit-1-e1740422047604-768x726.png 768w, https:\/\/casa.cheverin.com\/wp-content\/uploads\/2025\/02\/envato-labs-image-edit-1-e1740422047604-1536x1452.png 1536w, https:\/\/casa.cheverin.com\/wp-content\/uploads\/2025\/02\/envato-labs-image-edit-1-e1740422047604-2048x1936.png 2048w, https:\/\/casa.cheverin.com\/wp-content\/uploads\/2025\/02\/envato-labs-image-edit-1-e1740422047604-13x12.png 13w\" sizes=\"(max-width: 1024px) 100vw, 1024px\" \/><\/figure><div class=\"wp-block-media-text__content\">\n<h1 class=\"wp-block-heading has-x-large-font-size\">Forma parte de nuestro<br>equipo de voluntarios<\/h1>\n\n\n\n<div class=\"wp-block-group is-layout-grid wp-container-core-group-is-layout-1 wp-block-group-is-layout-grid\">\n<p><strong>Correo:<\/strong><br>recursoshumanos@casa.org.mx<\/p>\n\n\n\n<p><strong>Tel\u00e9fono:<\/strong><br>(415) 154 60 90<\/p>\n\n\n\n<p><strong>Horario de atenci\u00f3n:<\/strong><br>Lunes a Viernes de 9:00 a.m. a 5:00<\/p>\n<\/div>\n\n\n\n<p><strong>Direcci\u00f3n:<\/strong><br>Santa Julia #15, Col. Santa Julia, San Miguel de Allende, Guanajuato.<\/p>\n<\/div><\/div>\n\n\n\n<div class=\"wp-block-media-text alignwide is-stacked-on-mobile has-background\" style=\"border-width:3px;background-color:#ecfafe\"><figure class=\"wp-block-media-text__media\"><img decoding=\"async\" width=\"1024\" height=\"683\" src=\"https:\/\/casa.cheverin.com\/wp-content\/uploads\/2025\/02\/salud-comunitaria-CASA-3.jpg\" alt=\"\" class=\"wp-image-410 size-full\" srcset=\"https:\/\/casa.cheverin.com\/wp-content\/uploads\/2025\/02\/salud-comunitaria-CASA-3.jpg 1024w, https:\/\/casa.cheverin.com\/wp-content\/uploads\/2025\/02\/salud-comunitaria-CASA-3-300x200.jpg 300w, https:\/\/casa.cheverin.com\/wp-content\/uploads\/2025\/02\/salud-comunitaria-CASA-3-768x512.jpg 768w, https:\/\/casa.cheverin.com\/wp-content\/uploads\/2025\/02\/salud-comunitaria-CASA-3-18x12.jpg 18w\" sizes=\"(max-width: 1024px) 100vw, 1024px\" \/><\/figure><div class=\"wp-block-media-text__content\">\n<h3 class=\"wp-block-heading\">Beneficios de ser Voluntario<\/h3>\n\n\n\n<ul class=\"wp-block-list\">\n<li>Habilidades art\u00edsticas o culturales<\/li>\n\n\n\n<li>Servicio social<\/li>\n\n\n\n<li>Reconocimientos de trabajo<\/li>\n\n\n\n<li>Cartas de recomendaci\u00f3n<\/li>\n\n\n\n<li>Participaci\u00f3n en eventos especiales<\/li>\n\n\n\n<li>Acceso a capacitaciones del DIF<\/li>\n\n\n\n<li>Prioridad cuando haya vacantes<\/li>\n\n\n\n<li>Invitaci\u00f3n a charlas, seminarios y excursiones.<\/li>\n\n\n\n<li>Usar el estudio de grabaci\u00f3n de Ranchero Pandillero.<\/li>\n\n\n\n<li>Descuentos especiales en los servicios de la cl\u00ednica.<\/li>\n<\/ul>\n<\/div><\/div>\n\n\n\n<div class=\"wp-block-media-text alignwide is-stacked-on-mobile has-background\" style=\"border-width:3px;background-color:#ffedfa\"><figure class=\"wp-block-media-text__media\"><img decoding=\"async\" width=\"1024\" height=\"576\" src=\"https:\/\/casa.cheverin.com\/wp-content\/uploads\/2025\/02\/jovenes-cecyteg-1024x576.jpeg\" alt=\"\" class=\"wp-image-585 size-full\" srcset=\"https:\/\/casa.cheverin.com\/wp-content\/uploads\/2025\/02\/jovenes-cecyteg-1024x576.jpeg 1024w, https:\/\/casa.cheverin.com\/wp-content\/uploads\/2025\/02\/jovenes-cecyteg-300x169.jpeg 300w, https:\/\/casa.cheverin.com\/wp-content\/uploads\/2025\/02\/jovenes-cecyteg-768x432.jpeg 768w, https:\/\/casa.cheverin.com\/wp-content\/uploads\/2025\/02\/jovenes-cecyteg-18x10.jpeg 18w, https:\/\/casa.cheverin.com\/wp-content\/uploads\/2025\/02\/jovenes-cecyteg.jpeg 1280w\" sizes=\"(max-width: 1024px) 100vw, 1024px\" \/><\/figure><div class=\"wp-block-media-text__content\">\n<h3 class=\"wp-block-heading\">Requisitos<\/h3>\n\n\n\n<ul class=\"wp-block-list\">\n<li>Ser mayor de 18 a\u00f1os.<\/li>\n\n\n\n<li>Vivir en San Miguel de Allende, Guanajuato.<\/li>\n\n\n\n<li>Estar estudiando psicolog\u00eda, pedagog\u00eda, enfermer\u00eda o carreras a fines de CASA.&nbsp; (Para Ranchero Pandillero no es necesario)<\/li>\n\n\n\n<li>Ganar de aprender y convivir con personas.<\/li>\n<\/ul>\n<\/div><\/div>\n\n\n\n<p><\/p>","protected":false},"excerpt":{"rendered":"","protected":false},"author":1,"featured_media":0,"parent":0,"menu_order":0,"comment_status":"closed","ping_status":"closed","template":"","meta":{"_joinchat":[],"footnotes":""},"class_list":["post-261","page","type-page","status-publish","hentry"],"blocksy_meta":{"has_hero_section":"disabled","styles_descriptor":{"styles":{"desktop":"[data-prefix=\"single_page\"] {background-position:0% 0%;background-color:#ffffff;background-image:url(https:\/\/casa.cheverin.com\/wp-content\/uploads\/2025\/02\/hand-drawn-seamless-pattern-book-doodle-elements-education-concept_253081-84.avif);}","tablet":"","mobile":""},"google_fonts":[],"version":6},"background":{"background_type":"image","background_pattern":"type-1","background_image":{"attachment_id":418,"x":0,"y":0,"url":"https:\/\/casa.cheverin.com\/wp-content\/uploads\/2025\/02\/hand-drawn-seamless-pattern-book-doodle-elements-education-concept_253081-84.avif"},"gradient":"linear-gradient(135deg,rgba(6,147,227,1) 0%,rgb(155,81,224) 100%)","background_repeat":"repeat","background_size":"auto","background_attachment":"scroll","patternColor":{"default":{"color":"#e5e7ea"}},"overlayColor":{"default":{"color":"CT_CSS_SKIP_RULE"}},"backgroundColor":{"default":{"color":"#ffffff"}}},"page_structure_type":"type-4"},"_links":{"self":[{"href":"https:\/\/casa.cheverin.com\/en\/wp-json\/wp\/v2\/pages\/261","targetHints":{"allow":["GET"]}}],"collection":[{"href":"https:\/\/casa.cheverin.com\/en\/wp-json\/wp\/v2\/pages"}],"about":[{"href":"https:\/\/casa.cheverin.com\/en\/wp-json\/wp\/v2\/types\/page"}],"author":[{"embeddable":true,"href":"https:\/\/casa.cheverin.com\/en\/wp-json\/wp\/v2\/users\/1"}],"replies":[{"embeddable":true,"href":"https:\/\/casa.cheverin.com\/en\/wp-json\/wp\/v2\/comments?post=261"}],"version-history":[{"count":23,"href":"https:\/\/casa.cheverin.com\/en\/wp-json\/wp\/v2\/pages\/261\/revisions"}],"predecessor-version":[{"id":586,"href":"https:\/\/casa.cheverin.com\/en\/wp-json\/wp\/v2\/pages\/261\/revisions\/586"}],"wp:attachment":[{"href":"https:\/\/casa.cheverin.com\/en\/wp-json\/wp\/v2\/media?parent=261"}],"curies":[{"name":"wp","href":"https:\/\/api.w.org\/{rel}","templated":true}]}}