{"id":10569,"date":"2025-03-01T02:54:02","date_gmt":"2025-03-01T01:54:02","guid":{"rendered":"https:\/\/casa.cheverin.com\/?page_id=10569"},"modified":"2025-03-01T03:05:14","modified_gmt":"2025-03-01T02:05:14","slug":"escuela-de-parteria","status":"publish","type":"page","link":"https:\/\/casa.cheverin.com\/en\/escuela-de-parteria\/","title":{"rendered":"Escuela de Parter\u00eda"},"content":{"rendered":"<div class=\"wp-block-media-text alignwide is-stacked-on-mobile has-border-color has-vivid-cyan-blue-border-color has-background\" style=\"border-style:dotted;background-color:#ecfafe\"><figure class=\"wp-block-media-text__media\"><img fetchpriority=\"high\" decoding=\"async\" width=\"370\" height=\"250\" src=\"https:\/\/casa.cheverin.com\/wp-content\/uploads\/2025\/03\/cmnghm-cgm.jpg\" alt=\"\" class=\"wp-image-10571 size-full\" srcset=\"https:\/\/casa.cheverin.com\/wp-content\/uploads\/2025\/03\/cmnghm-cgm.jpg 370w, https:\/\/casa.cheverin.com\/wp-content\/uploads\/2025\/03\/cmnghm-cgm-300x203.jpg 300w, https:\/\/casa.cheverin.com\/wp-content\/uploads\/2025\/03\/cmnghm-cgm-18x12.jpg 18w\" sizes=\"(max-width: 370px) 100vw, 370px\" \/><\/figure><div class=\"wp-block-media-text__content\">\n<h3 class=\"wp-block-heading\">Escuela de Parteras Profesionales con&nbsp;C\u00e9dula Profesional<\/h3>\n\n\n\n<p>La Escuela de Parteras Profesionales se cre\u00f3 en 1997, es la primer Escuela de Parter\u00eda con reconocimiento oficial en M\u00e9xico bajo el acuerdo 11PET0143N de la Secretar\u00eda de Educaci\u00f3n de Guanajuato.<\/p>\n\n\n\n<p>El objetivo general es formar parteras profesionales con conocimientos, actitudes y habilidades que les permitan brindar atenci\u00f3n de salud sexual y reproductiva, que respete, valore y aplique los conocimientos de la medicina basada en evidencia, para proveer atenci\u00f3n pertinente.<br>Incentivar capacidad resolutiva, promoci\u00f3n de la salud y establecimiento de redes para garantizar la adecuada detecci\u00f3n de casos especiales.<\/p>\n<\/div><\/div>\n\n\n\n<div class=\"wp-block-group is-layout-grid wp-container-core-group-is-layout-3 wp-block-group-is-layout-grid\">\n<div class=\"wp-block-group is-vertical is-layout-flex wp-container-core-group-is-layout-2 wp-block-group-is-layout-flex\">\n<div class=\"wp-block-group has-border-color has-vivid-cyan-blue-border-color has-background is-vertical is-layout-flex wp-container-core-group-is-layout-1 wp-block-group-is-layout-flex\" style=\"border-style:dotted;background-color:#ecfafe\">\n<h3 class=\"wp-block-heading\"><strong>Objetivo genera<\/strong>l<\/h3>\n\n\n\n<p>Formar parteras profesionales con conocimientos, actitudes y habilidades que les permitan brindar atenci\u00f3n de salud sexual y reproductiva, que respete, valore y aplique los conocimientos de la medicina basada en evidencia, para proveer atenci\u00f3n pertinente.<br><\/p>\n<\/div>\n<\/div>\n\n\n\n<p class=\"has-border-color has-vivid-cyan-blue-border-color has-background\" style=\"border-style:dotted;background-color:#ecfafe\">Incentivar capacidad resolutiva, promoci\u00f3n de la salud y establecimiento de redes para garantizar la adecuada detecci\u00f3n de casos especiales.<\/p>\n\n\n\n<figure class=\"wp-block-image size-full\"><img decoding=\"async\" width=\"768\" height=\"576\" src=\"https:\/\/casa.cheverin.com\/wp-content\/uploads\/2025\/03\/IMG-20191126-WA0020-edited.jpg\" alt=\"\" class=\"wp-image-10575\" srcset=\"https:\/\/casa.cheverin.com\/wp-content\/uploads\/2025\/03\/IMG-20191126-WA0020-edited.jpg 768w, https:\/\/casa.cheverin.com\/wp-content\/uploads\/2025\/03\/IMG-20191126-WA0020-edited-300x225.jpg 300w, https:\/\/casa.cheverin.com\/wp-content\/uploads\/2025\/03\/IMG-20191126-WA0020-edited-16x12.jpg 16w\" sizes=\"(max-width: 768px) 100vw, 768px\" \/><\/figure>\n<\/div>\n\n\n\n<div class=\"wp-block-media-text alignwide has-media-on-the-right is-stacked-on-mobile has-border-color has-vivid-cyan-blue-border-color has-background\" style=\"border-style:dotted;background-color:#ecfafe\"><div class=\"wp-block-media-text__content\">\n<h3 class=\"wp-block-heading\">Escuela de Parteras \u00bfQu\u00e9 hemos logrado?<\/h3>\n\n\n\n<p>Actualmente 24 parteras profesionales de CASA se encuentran laborando en diferentes hospitales del sector p\u00fablico, en estados como: Chihuahua, San Luis Potos\u00ed, Tabasco, Guerrero, Colima, Puebla y Veracruz.<\/p>\n\n\n\n<p>En 1997 la Subsecretar\u00eda de Educaci\u00f3n de Guanajuato otorg\u00f3 el reconocimiento de validez oficial de estudios de Educaci\u00f3n T\u00e9cnica Terminal en Parter\u00eda Profesional.<\/p>\n\n\n\n<p>En 2011 se incluy\u00f3 la carrera de Partera T\u00e9cnica en el profesiograma del cat\u00e1logo sectorial de puestos. C\u00d3DIGO: M02117<\/p>\n\n\n\n<p>En 2017 se gradu\u00f3 la 17ava generaci\u00f3n de parteras profesionales, hasta el momento 120 mujeres han concluido satisfactoriamente sus estudios como Parteras Profesionales.<\/p>\n<\/div><figure class=\"wp-block-media-text__media\"><img decoding=\"async\" width=\"640\" height=\"427\" src=\"https:\/\/casa.cheverin.com\/wp-content\/uploads\/2025\/03\/Graduacion-1.jpeg\" alt=\"\" class=\"wp-image-10570 size-full\" srcset=\"https:\/\/casa.cheverin.com\/wp-content\/uploads\/2025\/03\/Graduacion-1.jpeg 640w, https:\/\/casa.cheverin.com\/wp-content\/uploads\/2025\/03\/Graduacion-1-300x200.jpeg 300w, https:\/\/casa.cheverin.com\/wp-content\/uploads\/2025\/03\/Graduacion-1-18x12.jpeg 18w\" sizes=\"(max-width: 640px) 100vw, 640px\" \/><\/figure><\/div>\n\n\n\n<p class=\"has-border-color has-vivid-cyan-blue-border-color has-background\" style=\"border-style:dotted;background-color:#ecfafe\"><strong><em>Se han graduado 120 parteras profesionales de 17 generaciones, CASA recluta a las mujeres en comunidades rurales con la finalidad de que al graduarse puedan regresar a brindar atenci\u00f3n a las mujeres en edad reproductiva, sus beb\u00e9s y sus familias.<\/em><\/strong><\/p>\n\n\n\n<p><\/p>","protected":false},"excerpt":{"rendered":"<p>Escuela de Parteras Profesionales con&nbsp;C\u00e9dula Profesional La Escuela de Parteras Profesionales se cre\u00f3 en 1997, es la primer Escuela de Parter\u00eda con reconocimiento oficial en M\u00e9xico bajo el acuerdo 11PET0143N de la Secretar\u00eda de Educaci\u00f3n de Guanajuato. El objetivo general es formar parteras profesionales con conocimientos, actitudes y habilidades que les permitan brindar atenci\u00f3n de [&hellip;]<\/p>","protected":false},"author":1,"featured_media":0,"parent":0,"menu_order":0,"comment_status":"closed","ping_status":"closed","template":"","meta":{"_joinchat":[],"footnotes":""},"class_list":["post-10569","page","type-page","status-publish","hentry"],"blocksy_meta":{"has_hero_section":"disabled","background":{"background_type":"pattern","background_pattern":"type-9","background_image":{"attachment_id":null,"x":0,"y":0},"gradient":"linear-gradient(135deg, #fdfcfb 0%, #e2d1c3 100%)","background_repeat":"repeat","background_size":"auto","background_attachment":"scroll","patternColor":{"default":{"color":"#e5e7ea"}},"overlayColor":{"default":{"color":"CT_CSS_SKIP_RULE"}},"backgroundColor":{"default":{"color":"#ffffff"}}},"styles_descriptor":{"styles":{"desktop":"[data-prefix=\"single_page\"] {background-color:#ffffff;background-image:url(\"data:image\/svg+xml,%3Csvg width='12' height='16' viewBox='0 0 12 16' xmlns='http:\/\/www.w3.org\/2000\/svg'%3E%3Cpath d='M4 .99C4 .445 4.444 0 5 0c.552 0 1 .45 1 .99v4.02C6 5.555 5.556 6 5 6c-.552 0-1-.45-1-.99V.99zm6 8c0-.546.444-.99 1-.99.552 0 1 .45 1 .99v4.02c0 .546-.444.99-1 .99-.552 0-1-.45-1-.99V8.99z' fill='%23e5e7ea' fill-opacity='1' fill-rule='evenodd'\/%3E%3C\/svg%3E\");}","tablet":"","mobile":""},"google_fonts":[],"version":6}},"_links":{"self":[{"href":"https:\/\/casa.cheverin.com\/en\/wp-json\/wp\/v2\/pages\/10569","targetHints":{"allow":["GET"]}}],"collection":[{"href":"https:\/\/casa.cheverin.com\/en\/wp-json\/wp\/v2\/pages"}],"about":[{"href":"https:\/\/casa.cheverin.com\/en\/wp-json\/wp\/v2\/types\/page"}],"author":[{"embeddable":true,"href":"https:\/\/casa.cheverin.com\/en\/wp-json\/wp\/v2\/users\/1"}],"replies":[{"embeddable":true,"href":"https:\/\/casa.cheverin.com\/en\/wp-json\/wp\/v2\/comments?post=10569"}],"version-history":[{"count":4,"href":"https:\/\/casa.cheverin.com\/en\/wp-json\/wp\/v2\/pages\/10569\/revisions"}],"predecessor-version":[{"id":10579,"href":"https:\/\/casa.cheverin.com\/en\/wp-json\/wp\/v2\/pages\/10569\/revisions\/10579"}],"wp:attachment":[{"href":"https:\/\/casa.cheverin.com\/en\/wp-json\/wp\/v2\/media?parent=10569"}],"curies":[{"name":"wp","href":"https:\/\/api.w.org\/{rel}","templated":true}]}}